{"id":1015,"date":"2023-12-02T22:44:35","date_gmt":"2023-12-02T22:44:35","guid":{"rendered":"https:\/\/stellacolors.com\/?page_id=1015"},"modified":"2023-12-21T14:42:29","modified_gmt":"2023-12-21T14:42:29","slug":"blog","status":"publish","type":"page","link":"https:\/\/stellacolors.com\/en_us\/blog\/","title":{"rendered":"Blog"},"content":{"rendered":"<div data-elementor-type=\"wp-page\" data-elementor-id=\"1015\" class=\"elementor elementor-1015\" data-elementor-post-type=\"page\">\n\t\t\t\t<div class=\"elementor-element elementor-element-c5c975d e-flex e-con-boxed e-con e-parent\" data-id=\"c5c975d\" data-element_type=\"container\" data-settings=\"{&quot;ekit_has_onepagescroll_dot&quot;:&quot;yes&quot;}\">\n\t\t\t\t\t<div class=\"e-con-inner\">\n\t\t\t\t<div class=\"elementor-element elementor-element-05209cc elementor-widget elementor-widget-elementskit-header-info\" data-id=\"05209cc\" data-element_type=\"widget\" data-widget_type=\"elementskit-header-info.default\">\n\t\t\t\t<div class=\"elementor-widget-container\">\n\t\t\t<div class=\"ekit-wid-con\" >        <ul class=\"ekit-header-info\">\n                                    <li>\n                            <a > \n                                                                Blog                            <\/a>\n                        <\/li>\n\n                            <\/ul>\n        <\/div>\t\t<\/div>\n\t\t\t\t<\/div>\n\t\t\t\t\t<\/div>\n\t\t\t\t<\/div>\n\t\t<div class=\"elementor-element elementor-element-81a7119 e-flex e-con-boxed e-con e-parent\" data-id=\"81a7119\" data-element_type=\"container\" data-settings=\"{&quot;background_background&quot;:&quot;classic&quot;,&quot;ekit_has_onepagescroll_dot&quot;:&quot;yes&quot;}\">\n\t\t\t\t\t<div class=\"e-con-inner\">\n\t\t\t\t<div class=\"elementor-element elementor-element-0c3f9d0 elementor-widget elementor-widget-elementskit-blog-posts\" data-id=\"0c3f9d0\" data-element_type=\"widget\" data-widget_type=\"elementskit-blog-posts.default\">\n\t\t\t\t<div class=\"elementor-widget-container\">\n\t\t\t<div class=\"ekit-wid-con\" >\n        <div id=\"post-items--0c3f9d0\" class=\"row post-items ekit-blog-posts-content wihout-masonry\" data-enable=\"no\">\n\n\t\t\t<!-- Blog Carousel markup render -->\n\t\t\t\n\n            <div class=\"col-md-12\">\n\n                                    <div class=\"elementskit-blog-block-post\">\n                        <div class=\"row no-gutters\">\n                                                            <div class=\"col-md-6 order-2\">\n                                    <a href=\"https:\/\/stellacolors.com\/en_us\/akrilik-boya-sanatin-renkli-dunyasi\/\" class=\"elementskit-entry-thumb\">\n                                        <img decoding=\"async\" src=\"https:\/\/stellacolors.com\/wp-content\/uploads\/o8.webp\" alt=\"Akrilik Boya: Sanat\u0131n Renkli D\u00fcnyas\u0131\">\n                                    <\/a><!-- .elementskit-entry-thumb END -->\n                                <\/div>\n                            \n                            <div class=\"col-md-6 order-1\">\n                                <div class=\"elementskit-post-body\">\n                                    <div class=\"elementskit-entry-header\">\n                                        \n                                                                                                                            <div class=\"post-meta-list\">\n                                                                                                                        <span class=\"post-cat\">\n\n                                \n                                <a href=\"https:\/\/stellacolors.com\/en_us\/category\/featured\/\" rel=\"category tag\">\u00d6ne \u00c7\u0131kan<\/a>                            <\/span>\n                                                                                    <\/div>\n                                                                            \n                                            \n                                                                                                            <h2 class=\"entry-title\">\n                    <a href=\"https:\/\/stellacolors.com\/en_us\/akrilik-boya-sanatin-renkli-dunyasi\/\">\n                            Akrilik Boya: Sanat\u0131n Renkli D\u00fcnyas\u0131                    <\/a>\n                <\/h2>\n                                                                                                <\/div><!-- .elementskit-entry-header END -->\n\n                                                                            <div class=\"elementskit-post-footer\">\n                                                                                            <p>Learn the intricacies of furniture transformation with water-based acrylic paint.<\/p>\n                                                                                                                                <\/div><!-- .elementskit-post-footer END -->\n                                                                    <\/div><!-- .elementskit-post-body END -->\n                            <\/div>\n                        <\/div>\n                    <\/div><!-- .elementskit-blog-block-post .radius .gradient-bg END -->\n                \n            <\/div>\t\t\t\t        <\/div>\n        \n        \n        <\/div>\t\t<\/div>\n\t\t\t\t<\/div>\n\t\t\t\t\t<\/div>\n\t\t\t\t<\/div>\n\t\t<div class=\"elementor-element elementor-element-0a8a062 e-flex e-con-boxed e-con e-parent\" data-id=\"0a8a062\" data-element_type=\"container\" data-settings=\"{&quot;ekit_has_onepagescroll_dot&quot;:&quot;yes&quot;}\">\n\t\t\t\t\t<div class=\"e-con-inner\">\n\t\t\t\t<div class=\"elementor-element elementor-element-b2af07e elementor-widget elementor-widget-elementskit-blog-posts\" data-id=\"b2af07e\" data-element_type=\"widget\" data-widget_type=\"elementskit-blog-posts.default\">\n\t\t\t\t<div class=\"elementor-widget-container\">\n\t\t\t<div class=\"ekit-wid-con\" >\n        <div id=\"post-items--b2af07e\" class=\"row post-items ekit-blog-posts-content wihout-masonry\" data-enable=\"no\">\n\n\t\t\t<!-- Blog Carousel markup render -->\n\t\t\t\n\n            <div class=\"col-lg-6 col-md-6\">\n\n                                    <div class=\"elementskit-post-image-card\">\n                        <div class=\"elementskit-entry-header\">\n                                                            <a href=\"https:\/\/stellacolors.com\/en_us\/ahsap-boyamanin-incelikleri-ogrenmek-ister-misiniz\/\" class=\"elementskit-entry-thumb\">\n                                    <img decoding=\"async\" src=\"https:\/\/stellacolors.com\/wp-content\/uploads\/13.webp\" alt=\"Ah\u015fap boyaman\u0131n incelikleri \u00f6\u011frenmek ister misiniz?\">\n                                <\/a><!-- .elementskit-entry-thumb END -->\n                                                            \n                            \n                                                    <\/div><!-- .elementskit-entry-header END -->\n\n                        <div class=\"elementskit-post-body\">\n                            \n                                                                                                                                                        \n                                        \n                                                                                                <h2 class=\"entry-title\">\n                    <a href=\"https:\/\/stellacolors.com\/en_us\/ahsap-boyamanin-incelikleri-ogrenmek-ister-misiniz\/\">\n                            Would you like to learn the intricacies of wood painting?                    <\/a>\n                <\/h2>\n                                                                                                                                                                                            <p>Learn the intricacies of furniture transformation with water-based acrylic paint.<\/p>\n                                                                                                                                                        <div class=\"btn-wraper\">\n                                    \n                                                                            <a href=\"https:\/\/stellacolors.com\/en_us\/ahsap-boyamanin-incelikleri-ogrenmek-ister-misiniz\/\" class=\"elementskit-btn  whitespace--normal\" >\n                                                                                    Read More                                        <\/a>\n                                                                    <\/div>\n                                                    <\/div><!-- .elementskit-post-body END -->\n                    <\/div>\n                \n            <\/div>\t\t\t\t\n\n            <div class=\"col-lg-6 col-md-6\">\n\n                                    <div class=\"elementskit-post-image-card\">\n                        <div class=\"elementskit-entry-header\">\n                                                            <a href=\"https:\/\/stellacolors.com\/en_us\/mermer-efekt-spreyler-ile-zamani-yakalayin\/\" class=\"elementskit-entry-thumb\">\n                                    <img decoding=\"async\" src=\"https:\/\/stellacolors.com\/wp-content\/uploads\/21.webp\" alt=\"Mermer efekt spreyler ile zaman\u0131 yakalay\u0131n!\">\n                                <\/a><!-- .elementskit-entry-thumb END -->\n                                                            \n                            \n                                                    <\/div><!-- .elementskit-entry-header END -->\n\n                        <div class=\"elementskit-post-body\">\n                            \n                                                                                                                                                        \n                                        \n                                                                                                <h2 class=\"entry-title\">\n                    <a href=\"https:\/\/stellacolors.com\/en_us\/mermer-efekt-spreyler-ile-zamani-yakalayin\/\">\n                            Seize the time with marble effect sprays!                    <\/a>\n                <\/h2>\n                                                                                                                                                                                            <p>Try the marble effect spray for effortless and stylish surfaces.<\/p>\n                                                                                                                                                        <div class=\"btn-wraper\">\n                                    \n                                                                            <a href=\"https:\/\/stellacolors.com\/en_us\/mermer-efekt-spreyler-ile-zamani-yakalayin\/\" class=\"elementskit-btn  whitespace--normal\" >\n                                                                                    Read More                                        <\/a>\n                                                                    <\/div>\n                                                    <\/div><!-- .elementskit-post-body END -->\n                    <\/div>\n                \n            <\/div>\t\t\t\t\n\n            <div class=\"col-lg-6 col-md-6\">\n\n                                    <div class=\"elementskit-post-image-card\">\n                        <div class=\"elementskit-entry-header\">\n                                                            <a href=\"https:\/\/stellacolors.com\/en_us\/mavinin-sinirsiz-hissini-kesfedin\/\" class=\"elementskit-entry-thumb\">\n                                    <img decoding=\"async\" src=\"https:\/\/stellacolors.com\/wp-content\/uploads\/06.webp\" alt=\"Mavinin s\u0131n\u0131rs\u0131z hissini ke\u015ffedin!\">\n                                <\/a><!-- .elementskit-entry-thumb END -->\n                                                            \n                            \n                                                    <\/div><!-- .elementskit-entry-header END -->\n\n                        <div class=\"elementskit-post-body\">\n                            \n                                                                                                                                                        \n                                        \n                                                                                                <h2 class=\"entry-title\">\n                    <a href=\"https:\/\/stellacolors.com\/en_us\/mavinin-sinirsiz-hissini-kesfedin\/\">\n                            Discover the limitless feeling of blue!                    <\/a>\n                <\/h2>\n                                                                                                                                                                                            <p>Are you ready to add colour to your life by meeting this magnificent paint type?<\/p>\n                                                                                                                                                        <div class=\"btn-wraper\">\n                                    \n                                                                            <a href=\"https:\/\/stellacolors.com\/en_us\/mavinin-sinirsiz-hissini-kesfedin\/\" class=\"elementskit-btn  whitespace--normal\" >\n                                                                                    Read More                                        <\/a>\n                                                                    <\/div>\n                                                    <\/div><!-- .elementskit-post-body END -->\n                    <\/div>\n                \n            <\/div>\t\t\t\t\n\n            <div class=\"col-lg-6 col-md-6\">\n\n                                    <div class=\"elementskit-post-image-card\">\n                        <div class=\"elementskit-entry-header\">\n                                                            <a href=\"https:\/\/stellacolors.com\/en_us\/islak-alanda-boya-isleminde-dikkat-edilmesi-gerekenler\/\" class=\"elementskit-entry-thumb\">\n                                    <img decoding=\"async\" src=\"https:\/\/stellacolors.com\/wp-content\/uploads\/16.webp\" alt=\"Islak alanlarda boya uygularken dikkat edilmesi gerekenler\">\n                                <\/a><!-- .elementskit-entry-thumb END -->\n                                                            \n                            \n                                                    <\/div><!-- .elementskit-entry-header END -->\n\n                        <div class=\"elementskit-post-body\">\n                            \n                                                                                                                                                        \n                                        \n                                                                                                <h2 class=\"entry-title\">\n                    <a href=\"https:\/\/stellacolors.com\/en_us\/islak-alanda-boya-isleminde-dikkat-edilmesi-gerekenler\/\">\n                            Islak alanlarda boya uygularken dikkat edilmesi gerekenler                    <\/a>\n                <\/h2>\n                                                                                                                                                                                            <p>Su ve kimyasal temas\u0131 olan y\u00fczeylerde boya i\u015flemi nas\u0131l yap\u0131lmal\u0131 ?<\/p>\n                                                                                                                                                        <div class=\"btn-wraper\">\n                                    \n                                                                            <a href=\"https:\/\/stellacolors.com\/en_us\/islak-alanda-boya-isleminde-dikkat-edilmesi-gerekenler\/\" class=\"elementskit-btn  whitespace--normal\" >\n                                                                                    Read More                                        <\/a>\n                                                                    <\/div>\n                                                    <\/div><!-- .elementskit-post-body END -->\n                    <\/div>\n                \n            <\/div>\t\t\t\t\n\n            <div class=\"col-lg-6 col-md-6\">\n\n                                    <div class=\"elementskit-post-image-card\">\n                        <div class=\"elementskit-entry-header\">\n                                                            <a href=\"https:\/\/stellacolors.com\/en_us\/akrilik-boya-sanatin-renkli-dunyasi\/\" class=\"elementskit-entry-thumb\">\n                                    <img decoding=\"async\" src=\"https:\/\/stellacolors.com\/wp-content\/uploads\/o8.webp\" alt=\"Akrilik Boya: Sanat\u0131n Renkli D\u00fcnyas\u0131\">\n                                <\/a><!-- .elementskit-entry-thumb END -->\n                                                            \n                            \n                                                    <\/div><!-- .elementskit-entry-header END -->\n\n                        <div class=\"elementskit-post-body\">\n                            \n                                                                                                                                                        \n                                        \n                                                                                                <h2 class=\"entry-title\">\n                    <a href=\"https:\/\/stellacolors.com\/en_us\/akrilik-boya-sanatin-renkli-dunyasi\/\">\n                            Akrilik Boya: Sanat\u0131n Renkli D\u00fcnyas\u0131                    <\/a>\n                <\/h2>\n                                                                                                                                                                                            <p>Learn the intricacies of furniture transformation with water-based acrylic paint.<\/p>\n                                                                                                                                                        <div class=\"btn-wraper\">\n                                    \n                                                                            <a href=\"https:\/\/stellacolors.com\/en_us\/akrilik-boya-sanatin-renkli-dunyasi\/\" class=\"elementskit-btn  whitespace--normal\" >\n                                                                                    Read More                                        <\/a>\n                                                                    <\/div>\n                                                    <\/div><!-- .elementskit-post-body END -->\n                    <\/div>\n                \n            <\/div>\t\t\t\t        <\/div>\n        \n        \n                    <div \n            data-ekit-blog-post-style=\"simple\"\n            class=\"ekit-blog-post-pagination-container ekit-blog-post-pagination-style-simple\" \n            id=\"post-nagivation--b2af07e\">\n                \n            <\/div>\n\n            <\/div>\t\t<\/div>\n\t\t\t\t<\/div>\n\t\t\t\t\t<\/div>\n\t\t\t\t<\/div>\n\t\t\t\t<\/div>","protected":false},"excerpt":{"rendered":"<p>Blog \u00d6ne \u00c7\u0131kan Akrilik Boya: Sanat\u0131n Renkli D\u00fcnyas\u0131 Su bazl\u0131 akrilik boya ile mobilya d\u00f6n\u00fc\u015f\u00fcm\u00fcn\u00fcn inceliklerini \u00f6\u011frenin. Ah\u015fap boyaman\u0131n incelikleri \u00f6\u011frenmek ister misiniz ? Su bazl\u0131 akrilik boya ile mobilya d\u00f6n\u00fc\u015f\u00fcm\u00fcn\u00fcn inceliklerini \u00f6\u011frenin. Devam\u0131n\u0131 oku Mermer efekt spreyler ile zaman\u0131 yakalay\u0131n! Zahmetsiz ve \u015f\u0131k y\u00fczeyler i\u00e7in mermer efekt sprey\u2019i deneyin. Devam\u0131n\u0131 oku Mavinin s\u0131n\u0131rs\u0131z hissini [&hellip;] <\/p>","protected":false},"author":2,"featured_media":0,"parent":0,"menu_order":0,"comment_status":"closed","ping_status":"closed","template":"elementor_theme","meta":{"footnotes":""},"_links":{"self":[{"href":"https:\/\/stellacolors.com\/en_us\/wp-json\/wp\/v2\/pages\/1015"}],"collection":[{"href":"https:\/\/stellacolors.com\/en_us\/wp-json\/wp\/v2\/pages"}],"about":[{"href":"https:\/\/stellacolors.com\/en_us\/wp-json\/wp\/v2\/types\/page"}],"author":[{"embeddable":true,"href":"https:\/\/stellacolors.com\/en_us\/wp-json\/wp\/v2\/users\/2"}],"replies":[{"embeddable":true,"href":"https:\/\/stellacolors.com\/en_us\/wp-json\/wp\/v2\/comments?post=1015"}],"version-history":[{"count":0,"href":"https:\/\/stellacolors.com\/en_us\/wp-json\/wp\/v2\/pages\/1015\/revisions"}],"wp:attachment":[{"href":"https:\/\/stellacolors.com\/en_us\/wp-json\/wp\/v2\/media?parent=1015"}],"curies":[{"name":"wp","href":"https:\/\/api.w.org\/{rel}","templated":true}]}}