{"id":1459,"date":"2023-12-22T05:59:37","date_gmt":"2023-12-22T05:59:37","guid":{"rendered":"https:\/\/stellacolors.com\/?page_id=1459"},"modified":"2026-01-14T09:51:56","modified_gmt":"2026-01-14T06:51:56","slug":"privacy-policy","status":"publish","type":"page","link":"https:\/\/stellacolors.com\/en_us\/privacy-policy\/","title":{"rendered":"Privacy and Terms"},"content":{"rendered":"<div data-elementor-type=\"wp-page\" data-elementor-id=\"1459\" class=\"elementor elementor-1459\" data-elementor-post-type=\"page\">\n\t\t\t\t<div class=\"elementor-element elementor-element-a6a94cf e-con-full e-flex e-con e-parent\" data-id=\"a6a94cf\" data-element_type=\"container\" data-settings=\"{&quot;ekit_has_onepagescroll_dot&quot;:&quot;yes&quot;}\">\n\t\t\t\t<div class=\"elementor-element elementor-element-c4849d8 elementor--h-position-center elementor--v-position-middle elementor-arrows-position-inside elementor-widget elementor-widget-slides\" data-id=\"c4849d8\" data-element_type=\"widget\" data-settings=\"{&quot;navigation&quot;:&quot;arrows&quot;,&quot;autoplay&quot;:&quot;yes&quot;,&quot;pause_on_hover&quot;:&quot;yes&quot;,&quot;pause_on_interaction&quot;:&quot;yes&quot;,&quot;autoplay_speed&quot;:5000,&quot;infinite&quot;:&quot;yes&quot;,&quot;transition&quot;:&quot;slide&quot;,&quot;transition_speed&quot;:500}\" data-widget_type=\"slides.default\">\n\t\t\t\t<div class=\"elementor-widget-container\">\n\t\t\t<style>\/*! elementor-pro - v3.17.0 - 01-11-2023 *\/\n.elementor-slides .swiper-slide-bg{background-size:cover;background-position:50%;background-repeat:no-repeat;min-width:100%;min-height:100%}.elementor-slides .swiper-slide-inner{background-repeat:no-repeat;background-position:50%;position:absolute;top:0;left:0;bottom:0;right:0;padding:50px;margin:auto}.elementor-slides .swiper-slide-inner,.elementor-slides .swiper-slide-inner:hover{color:#fff;display:flex}.elementor-slides .swiper-slide-inner .elementor-background-overlay{position:absolute;z-index:0;top:0;bottom:0;left:0;right:0}.elementor-slides .swiper-slide-inner .elementor-slide-content{position:relative;z-index:1;width:100%}.elementor-slides .swiper-slide-inner .elementor-slide-heading{font-size:35px;font-weight:700;line-height:1}.elementor-slides .swiper-slide-inner .elementor-slide-description{font-size:17px;line-height:1.4}.elementor-slides .swiper-slide-inner .elementor-slide-description:not(:last-child),.elementor-slides .swiper-slide-inner .elementor-slide-heading:not(:last-child){margin-bottom:30px}.elementor-slides .swiper-slide-inner .elementor-slide-button{border:2px solid #fff;color:#fff;background:transparent;display:inline-block}.elementor-slides .swiper-slide-inner .elementor-slide-button,.elementor-slides .swiper-slide-inner .elementor-slide-button:hover{background:transparent;color:inherit;text-decoration:none}.elementor--v-position-top .swiper-slide-inner{align-items:flex-start}.elementor--v-position-bottom .swiper-slide-inner{align-items:flex-end}.elementor--v-position-middle .swiper-slide-inner{align-items:center}.elementor--h-position-left .swiper-slide-inner{justify-content:flex-start}.elementor--h-position-right .swiper-slide-inner{justify-content:flex-end}.elementor--h-position-center .swiper-slide-inner{justify-content:center}body.rtl .elementor-widget-slides .elementor-swiper-button-next{left:10px;right:auto}body.rtl .elementor-widget-slides .elementor-swiper-button-prev{right:10px;left:auto}.elementor-slides-wrapper div:not(.swiper-slide)>.swiper-slide-inner{display:none}@media (max-width:767px){.elementor-slides .swiper-slide-inner{padding:30px}.elementor-slides .swiper-slide-inner .elementor-slide-heading{font-size:23px;line-height:1;margin-bottom:15px}.elementor-slides .swiper-slide-inner .elementor-slide-description{font-size:13px;line-height:1.4;margin-bottom:15px}}<\/style>\t\t<div class=\"elementor-swiper\">\n\t\t\t<div class=\"elementor-slides-wrapper elementor-main-swiper swiper\" dir=\"ltr\" data-animation=\"fadeInUp\">\n\t\t\t\t<div class=\"swiper-wrapper elementor-slides\">\n\t\t\t\t\t\t\t\t\t\t<div class=\"elementor-repeater-item-0596fab swiper-slide\"><div class=\"swiper-slide-bg\" role=\"img\"><\/div><div class=\"swiper-slide-inner\" ><div class=\"swiper-slide-contents\"><div class=\"elementor-slide-heading\">Privacy and Terms<\/div><div class=\"elementor-slide-description\">Stella'n\u0131n i\u015fleme faaliyetlerini a\u00e7\u0131klamak ve Veri Sahiplerini, Ki\u015fisel Verilerin korunmas\u0131na ili\u015fkin haklar\u0131 konusunda bilgilendirmek amac\u0131yla geli\u015ftirilmi\u015ftir.<\/div><\/div><\/div><\/div>\t\t\t\t<\/div>\n\t\t\t\t\t\t\t<\/div>\n\t\t<\/div>\n\t\t\t\t<\/div>\n\t\t\t\t<\/div>\n\t\t\t\t<\/div>\n\t\t<div class=\"elementor-element elementor-element-4c9dc11 e-flex e-con-boxed e-con e-parent\" data-id=\"4c9dc11\" data-element_type=\"container\" data-settings=\"{&quot;ekit_has_onepagescroll_dot&quot;:&quot;yes&quot;}\">\n\t\t\t\t\t<div class=\"e-con-inner\">\n\t\t\t\t<div class=\"elementor-element elementor-element-6369add e-n-tabs-mobile elementor-widget elementor-widget-n-tabs\" data-id=\"6369add\" data-element_type=\"widget\" data-widget_type=\"nested-tabs.default\">\n\t\t\t\t<div class=\"elementor-widget-container\">\n\t\t\t\t\t<div class=\"e-n-tabs\" data-widget-number=\"104\" aria-label=\"Tabs. Open items with Enter or Space, close with Escape and navigate using the Arrow keys.\">\n\t\t\t<div class=\"e-n-tabs-heading\" role=\"tablist\">\n\t\t\t\t\t\t\t<button id=\"e-n-tabs-title-1041\" class=\"e-n-tab-title\" aria-selected=\"true\" data-tab-index=\"1\" role=\"tab\" tabindex=\"0\" aria-controls=\"e-n-tab-content-1041\" style=\"--n-tabs-title-order: 1;\">\n\t\t\t\t<span class=\"e-n-tab-icon\">\n\t\t\t\t\t\t\t\t\t\t\t\t\t\t<\/span>\n\t\t\t\t<span class=\"e-n-tab-title-text\">\n\t\t\t\t\t1.H\u00fck\u00fcm ve Ko\u015fullar\t\t\t\t<\/span>\n\t\t\t<\/button>\n\t\t\t\t\t<button id=\"e-n-tabs-title-1042\" class=\"e-n-tab-title\" aria-selected=\"false\" data-tab-index=\"2\" role=\"tab\" tabindex=\"-1\" aria-controls=\"e-n-tab-content-1042\" style=\"--n-tabs-title-order: 2;\">\n\t\t\t\t<span class=\"e-n-tab-icon\">\n\t\t\t\t\t\t\t\t\t\t\t\t\t\t<\/span>\n\t\t\t\t<span class=\"e-n-tab-title-text\">\n\t\t\t\t\t2.Gizlilik Bildirimi\t\t\t\t<\/span>\n\t\t\t<\/button>\n\t\t\t\t\t<button id=\"e-n-tabs-title-1043\" class=\"e-n-tab-title\" aria-selected=\"false\" data-tab-index=\"3\" role=\"tab\" tabindex=\"-1\" aria-controls=\"e-n-tab-content-1043\" style=\"--n-tabs-title-order: 3;\">\n\t\t\t\t<span class=\"e-n-tab-icon\">\n\t\t\t\t\t\t\t\t\t\t\t\t\t\t<\/span>\n\t\t\t\t<span class=\"e-n-tab-title-text\">\n\t\t\t\t\t3.\u00c7erez Politikas\u0131\t\t\t\t<\/span>\n\t\t\t<\/button>\n\t\t\t\t\t<\/div>\n\t\t\t<div class=\"e-n-tabs-content\">\n\t\t\t\t<div id=\"e-n-tab-content-1041\" role=\"tabpanel\" aria-labelledby=\"e-n-tabs-title-1041\" data-tab-index=\"1\" style=\"--n-tabs-title-order: 1;\" class=\"e-active elementor-element elementor-element-0b0e844 e-con-full e-flex e-con e-child\" data-id=\"0b0e844\" data-element_type=\"container\" data-settings=\"{&quot;ekit_has_onepagescroll_dot&quot;:&quot;yes&quot;}\">\n\t\t\t\t<div class=\"elementor-element elementor-element-cdb8482 elementor-widget elementor-widget-heading\" data-id=\"cdb8482\" data-element_type=\"widget\" data-widget_type=\"heading.default\">\n\t\t\t\t<div class=\"elementor-widget-container\">\n\t\t\t<style>\/*! elementor - v3.21.0 - 30-04-2024 *\/\n.elementor-heading-title{padding:0;margin:0;line-height:1}.elementor-widget-heading .elementor-heading-title[class*=elementor-size-]>a{color:inherit;font-size:inherit;line-height:inherit}.elementor-widget-heading .elementor-heading-title.elementor-size-small{font-size:15px}.elementor-widget-heading .elementor-heading-title.elementor-size-medium{font-size:19px}.elementor-widget-heading .elementor-heading-title.elementor-size-large{font-size:29px}.elementor-widget-heading .elementor-heading-title.elementor-size-xl{font-size:39px}.elementor-widget-heading .elementor-heading-title.elementor-size-xxl{font-size:59px}<\/style><h3 class=\"elementor-heading-title elementor-size-default\">H\u00fck\u00fcm ve Ko\u015fullar<\/h3>\t\t<\/div>\n\t\t\t\t<\/div>\n\t\t\t\t<div class=\"elementor-element elementor-element-8d077f6 elementor-widget elementor-widget-text-editor\" data-id=\"8d077f6\" data-element_type=\"widget\" data-widget_type=\"text-editor.default\">\n\t\t\t\t<div class=\"elementor-widget-container\">\n\t\t\t<style>\/*! elementor - v3.21.0 - 30-04-2024 *\/\n.elementor-widget-text-editor.elementor-drop-cap-view-stacked .elementor-drop-cap{background-color:#69727d;color:#fff}.elementor-widget-text-editor.elementor-drop-cap-view-framed .elementor-drop-cap{color:#69727d;border:3px solid;background-color:transparent}.elementor-widget-text-editor:not(.elementor-drop-cap-view-default) .elementor-drop-cap{margin-top:8px}.elementor-widget-text-editor:not(.elementor-drop-cap-view-default) .elementor-drop-cap-letter{width:1em;height:1em}.elementor-widget-text-editor .elementor-drop-cap{float:left;text-align:center;line-height:1;font-size:50px}.elementor-widget-text-editor .elementor-drop-cap-letter{display:inline-block}<\/style>\t\t\t\t<p data-start=\"292\" data-end=\"447\">Bu web sitesini (bundan sonra \u201cSite\u201d olarak an\u0131lacakt\u0131r) ziyaret eden ve kullanan t\u00fcm kullan\u0131c\u0131lar a\u015fa\u011f\u0131da yer alan h\u00fck\u00fcm ve ko\u015fullar\u0131 kabul etmi\u015f say\u0131l\u0131r.<\/p><h2 data-start=\"449\" data-end=\"471\">1. Genel Bilgiler<\/h2><p data-start=\"472\" data-end=\"679\">Bu Site, <strong data-start=\"481\" data-end=\"491\">Stella<\/strong> markas\u0131na ait \u00fcr\u00fcn ve hizmetler hakk\u0131nda bilgilendirme amac\u0131yla haz\u0131rlanm\u0131\u015ft\u0131r. Siteyi kullanan kullan\u0131c\u0131lar, y\u00fcr\u00fcrl\u00fckteki t\u00fcm mevzuata ve bu metinde yer alan ko\u015fullara uymay\u0131 kabul eder.<\/p><h2 data-start=\"681\" data-end=\"708\">2. Hizmetlerin Kapsam\u0131<\/h2><p data-start=\"709\" data-end=\"859\">Stella, Site\u2019de yer alan i\u00e7erikleri, \u00fcr\u00fcn bilgilerini ve fiyatlar\u0131 \u00f6nceden haber vermeksizin de\u011fi\u015ftirme, g\u00fcncelleme veya kald\u0131rma hakk\u0131n\u0131 sakl\u0131 tutar.<\/p><h2 data-start=\"861\" data-end=\"891\">3. Fikri M\u00fclkiyet Haklar\u0131<\/h2><p data-start=\"892\" data-end=\"1120\">Site\u2019de yer alan t\u00fcm metinler ve g\u00f6rseller Stella\u2019ya aittir. \u0130zinsiz kopyalanamaz, \u00e7o\u011falt\u0131lamaz, da\u011f\u0131t\u0131lamaz veya ticari ama\u00e7la kullan\u0131lamaz.<\/p><h2 data-start=\"1122\" data-end=\"1160\">4. Sorumlulu\u011fun S\u0131n\u0131rland\u0131r\u0131lmas\u0131<\/h2><p data-start=\"1161\" data-end=\"1396\">Site\u2019de yer alan bilgilerin do\u011frulu\u011fu i\u00e7in azami \u00f6zen g\u00f6sterilmekle birlikte, i\u00e7eriklerin g\u00fcncelli\u011fi ve eksiksizli\u011fi konusunda garanti verilmez. Site kullan\u0131m\u0131ndan do\u011fabilecek do\u011frudan veya dolayl\u0131 zararlardan Stella sorumlu tutulamaz.<\/p><h2 data-start=\"1398\" data-end=\"1419\">5. De\u011fi\u015fiklikler<\/h2><p data-start=\"1420\" data-end=\"1567\">Stella, bu h\u00fck\u00fcm ve ko\u015fullar\u0131 diledi\u011fi zaman g\u00fcncelleme hakk\u0131na sahiptir. G\u00fcncellenen metinler Site\u2019de yay\u0131mland\u0131\u011f\u0131 tarihten itibaren ge\u00e7erli olur.<\/p>\t\t\t\t\t\t<\/div>\n\t\t\t\t<\/div>\n\t\t\t\t<\/div>\n\t\t<div id=\"e-n-tab-content-1042\" role=\"tabpanel\" aria-labelledby=\"e-n-tabs-title-1042\" data-tab-index=\"2\" style=\"--n-tabs-title-order: 2;\" class=\"elementor-element elementor-element-c7bef75 e-con-full e-flex e-con e-child\" data-id=\"c7bef75\" data-element_type=\"container\" data-settings=\"{&quot;ekit_has_onepagescroll_dot&quot;:&quot;yes&quot;}\">\n\t\t\t\t<div class=\"elementor-element elementor-element-876976c elementor-widget elementor-widget-heading\" data-id=\"876976c\" data-element_type=\"widget\" data-widget_type=\"heading.default\">\n\t\t\t\t<div class=\"elementor-widget-container\">\n\t\t\t<h3 class=\"elementor-heading-title elementor-size-default\">Gizlilik Bildirimi<\/h3>\t\t<\/div>\n\t\t\t\t<\/div>\n\t\t\t\t<div class=\"elementor-element elementor-element-9dae377 elementor-widget elementor-widget-text-editor\" data-id=\"9dae377\" data-element_type=\"widget\" data-widget_type=\"text-editor.default\">\n\t\t\t\t<div class=\"elementor-widget-container\">\n\t\t\t\t\t\t\t<p data-start=\"1596\" data-end=\"1704\">Stella, kullan\u0131c\u0131lar\u0131n\u0131n gizlili\u011fine \u00f6nem verir ve ki\u015fisel verilerin korunmas\u0131n\u0131 temel ilke olarak benimser.<\/p><h2 data-start=\"1706\" data-end=\"1730\">1. Toplanan Veriler<\/h2><p data-start=\"1731\" data-end=\"1806\">Site \u00fczerinden yap\u0131lan ziyaretler s\u0131ras\u0131nda a\u015fa\u011f\u0131daki veriler toplanabilir:<\/p><ul data-start=\"1807\" data-end=\"1959\"><li data-start=\"1807\" data-end=\"1852\"><p data-start=\"1809\" data-end=\"1852\">Ad, soyad (ileti\u015fim formlar\u0131 arac\u0131l\u0131\u011f\u0131yla),<\/p><\/li><li data-start=\"1853\" data-end=\"1870\"><p data-start=\"1855\" data-end=\"1870\">E-posta adresi,<\/p><\/li><li data-start=\"1871\" data-end=\"1890\"><p data-start=\"1873\" data-end=\"1890\">Telefon numaras\u0131,<\/p><\/li><li data-start=\"1891\" data-end=\"1922\"><p data-start=\"1893\" data-end=\"1922\">IP adresi ve cihaz bilgileri,<\/p><\/li><li data-start=\"1923\" data-end=\"1959\"><p data-start=\"1925\" data-end=\"1959\">Site kullan\u0131m ve trafik bilgileri.<\/p><\/li><\/ul><h2 data-start=\"1961\" data-end=\"1993\">2. Verilerin Kullan\u0131m Amac\u0131<\/h2><p data-start=\"1994\" data-end=\"2019\">Toplanan ki\u015fisel veriler;<\/p><ul data-start=\"2020\" data-end=\"2235\"><li data-start=\"2020\" data-end=\"2055\"><p data-start=\"2022\" data-end=\"2055\">Kullan\u0131c\u0131 taleplerini yan\u0131tlamak,<\/p><\/li><li data-start=\"2056\" data-end=\"2106\"><p data-start=\"2058\" data-end=\"2106\">\u00dcr\u00fcn ve hizmetler hakk\u0131nda bilgilendirme yapmak,<\/p><\/li><li data-start=\"2107\" data-end=\"2164\"><p data-start=\"2109\" data-end=\"2164\">Site performans\u0131n\u0131 ve kullan\u0131c\u0131 deneyimini geli\u015ftirmek,<\/p><\/li><li data-start=\"2165\" data-end=\"2235\"><p data-start=\"2167\" data-end=\"2235\">Yasal y\u00fck\u00fcml\u00fcl\u00fckleri yerine getirmek<br data-start=\"2203\" data-end=\"2206\" \/>ama\u00e7lar\u0131yla kullan\u0131lmaktad\u0131r.<\/p><\/li><\/ul><h2 data-start=\"2237\" data-end=\"2264\">3. Verilerin Korunmas\u0131<\/h2><p data-start=\"2265\" data-end=\"2402\">Ki\u015fisel veriler, yetkisiz eri\u015fim, kay\u0131p veya k\u00f6t\u00fcye kullan\u0131m risklerine kar\u015f\u0131 uygun teknik ve idari g\u00fcvenlik \u00f6nlemleri ile korunmaktad\u0131r.<\/p><h2 data-start=\"2404\" data-end=\"2438\">4. \u00dc\u00e7\u00fcnc\u00fc Taraflarla Payla\u015f\u0131m<\/h2><p data-start=\"2439\" data-end=\"2621\">Ki\u015fisel veriler, yasal zorunluluklar haricinde \u00fc\u00e7\u00fcnc\u00fc ki\u015filerle payla\u015f\u0131lmaz.<\/p>\t\t\t\t\t\t<\/div>\n\t\t\t\t<\/div>\n\t\t\t\t<\/div>\n\t\t<div id=\"e-n-tab-content-1043\" role=\"tabpanel\" aria-labelledby=\"e-n-tabs-title-1043\" data-tab-index=\"3\" style=\"--n-tabs-title-order: 3;\" class=\"elementor-element elementor-element-3cf3c1e e-con-full e-flex e-con e-child\" data-id=\"3cf3c1e\" data-element_type=\"container\" data-settings=\"{&quot;ekit_has_onepagescroll_dot&quot;:&quot;yes&quot;}\">\n\t\t\t\t<div class=\"elementor-element elementor-element-b2c52ac elementor-widget elementor-widget-heading\" data-id=\"b2c52ac\" data-element_type=\"widget\" data-widget_type=\"heading.default\">\n\t\t\t\t<div class=\"elementor-widget-container\">\n\t\t\t<h3 class=\"elementor-heading-title elementor-size-default\">\u00c7erez Politikas\u0131<\/h3>\t\t<\/div>\n\t\t\t\t<\/div>\n\t\t\t\t<div class=\"elementor-element elementor-element-c217441 elementor-widget elementor-widget-text-editor\" data-id=\"c217441\" data-element_type=\"widget\" data-widget_type=\"text-editor.default\">\n\t\t\t\t<div class=\"elementor-widget-container\">\n\t\t\t\t\t\t\t<p data-start=\"2869\" data-end=\"2955\">Bu Site, kullan\u0131c\u0131 deneyimini iyile\u015ftirmek amac\u0131yla \u00e7erezler (cookies) kullanmaktad\u0131r.<\/p><h2 data-start=\"2957\" data-end=\"2977\">1. \u00c7erez Nedir?<\/h2><p data-start=\"2978\" data-end=\"3097\">\u00c7erezler, ziyaret edilen web sitesi taraf\u0131ndan taray\u0131c\u0131lar arac\u0131l\u0131\u011f\u0131yla cihaz\u0131n\u0131za kaydedilen k\u00fc\u00e7\u00fck metin dosyalar\u0131d\u0131r.<\/p><h2 data-start=\"3099\" data-end=\"3131\">2. Kullan\u0131lan \u00c7erez T\u00fcrleri<\/h2><ul data-start=\"3132\" data-end=\"3416\"><li data-start=\"3132\" data-end=\"3200\"><p data-start=\"3134\" data-end=\"3200\"><strong data-start=\"3134\" data-end=\"3155\">Zorunlu \u00c7erezler:<\/strong> Site\u2019nin d\u00fczg\u00fcn \u00e7al\u0131\u015fmas\u0131 i\u00e7in gereklidir.<\/p><\/li><li data-start=\"3201\" data-end=\"3309\"><p data-start=\"3203\" data-end=\"3309\"><strong data-start=\"3203\" data-end=\"3239\">Performans ve Analitik \u00c7erezler:<\/strong> Site kullan\u0131m\u0131n\u0131 analiz ederek hizmetlerin geli\u015ftirilmesini sa\u011flar.<\/p><\/li><li data-start=\"3310\" data-end=\"3416\"><p data-start=\"3312\" data-end=\"3416\"><strong data-start=\"3312\" data-end=\"3337\">Fonksiyonel \u00c7erezler:<\/strong> Kullan\u0131c\u0131 tercihlerini hat\u0131rlayarak daha ki\u015fiselle\u015ftirilmi\u015f bir deneyim sunar.<\/p><\/li><\/ul><h2 data-start=\"3418\" data-end=\"3445\">3. \u00c7erezlerin Kontrol\u00fc<\/h2><p data-start=\"3446\" data-end=\"3652\">Kullan\u0131c\u0131lar, taray\u0131c\u0131 ayarlar\u0131 \u00fczerinden \u00e7erezleri kabul edebilir, reddedebilir veya silebilir. Ancak baz\u0131 \u00e7erezlerin devre d\u0131\u015f\u0131 b\u0131rak\u0131lmas\u0131, Site\u2019nin baz\u0131 b\u00f6l\u00fcmlerinin d\u00fczg\u00fcn \u00e7al\u0131\u015fmamas\u0131na neden olabilir.<\/p><h2 data-start=\"3654\" data-end=\"3685\">4. Politika G\u00fcncellemeleri<\/h2><p data-start=\"3686\" data-end=\"3811\">Stella, \u00e7erez politikas\u0131n\u0131 g\u00fcncelleme hakk\u0131n\u0131 sakl\u0131 tutar. G\u00fcncellemeler Site\u2019de yay\u0131mland\u0131\u011f\u0131 tarihten itibaren ge\u00e7erli olur.<\/p>\t\t\t\t\t\t<\/div>\n\t\t\t\t<\/div>\n\t\t\t\t<\/div>\n\t\t\t\t\t<\/div>\n\t\t<\/div>\n\t\t\t\t<\/div>\n\t\t\t\t<\/div>\n\t\t\t\t\t<\/div>\n\t\t\t\t<\/div>\n\t\t\t\t<\/div>","protected":false},"excerpt":{"rendered":"<p>Gizlilik Ve \u015eartlarStella&#8217;n\u0131n i\u015fleme faaliyetlerini a\u00e7\u0131klamak ve Veri Sahiplerini, Ki\u015fisel Verilerin korunmas\u0131na ili\u015fkin haklar\u0131 konusunda bilgilendirmek amac\u0131yla geli\u015ftirilmi\u015ftir. 1.H\u00fck\u00fcm ve Ko\u015fullar 2.Gizlilik Bildirimi 3.\u00c7erez Politikas\u0131 H\u00fck\u00fcm ve Ko\u015fullar Bu web sitesini (bundan sonra \u201cSite\u201d olarak an\u0131lacakt\u0131r) ziyaret eden ve kullanan t\u00fcm kullan\u0131c\u0131lar a\u015fa\u011f\u0131da yer alan h\u00fck\u00fcm ve ko\u015fullar\u0131 kabul etmi\u015f say\u0131l\u0131r. 1. Genel Bilgiler Bu [&hellip;]<\/p>","protected":false},"author":2,"featured_media":0,"parent":0,"menu_order":0,"comment_status":"closed","ping_status":"closed","template":"elementor_theme","meta":{"footnotes":""},"_links":{"self":[{"href":"https:\/\/stellacolors.com\/en_us\/wp-json\/wp\/v2\/pages\/1459"}],"collection":[{"href":"https:\/\/stellacolors.com\/en_us\/wp-json\/wp\/v2\/pages"}],"about":[{"href":"https:\/\/stellacolors.com\/en_us\/wp-json\/wp\/v2\/types\/page"}],"author":[{"embeddable":true,"href":"https:\/\/stellacolors.com\/en_us\/wp-json\/wp\/v2\/users\/2"}],"replies":[{"embeddable":true,"href":"https:\/\/stellacolors.com\/en_us\/wp-json\/wp\/v2\/comments?post=1459"}],"version-history":[{"count":15,"href":"https:\/\/stellacolors.com\/en_us\/wp-json\/wp\/v2\/pages\/1459\/revisions"}],"predecessor-version":[{"id":4640,"href":"https:\/\/stellacolors.com\/en_us\/wp-json\/wp\/v2\/pages\/1459\/revisions\/4640"}],"wp:attachment":[{"href":"https:\/\/stellacolors.com\/en_us\/wp-json\/wp\/v2\/media?parent=1459"}],"curies":[{"name":"wp","href":"https:\/\/api.w.org\/{rel}","templated":true}]}}