{"id":1861,"date":"2023-12-28T09:28:48","date_gmt":"2023-12-28T09:28:48","guid":{"rendered":"https:\/\/stellacolors.com\/?page_id=1861"},"modified":"2025-04-04T13:26:22","modified_gmt":"2025-04-04T10:26:22","slug":"documents","status":"publish","type":"page","link":"https:\/\/stellacolors.com\/en_us\/documents\/","title":{"rendered":"Documents"},"content":{"rendered":"<div data-elementor-type=\"wp-page\" data-elementor-id=\"1861\" class=\"elementor elementor-1861\" data-elementor-post-type=\"page\">\n\t\t\t\t<div class=\"elementor-element elementor-element-053c3c5 e-flex e-con-boxed e-con e-parent\" data-id=\"053c3c5\" data-element_type=\"container\" data-settings=\"{&quot;ekit_has_onepagescroll_dot&quot;:&quot;yes&quot;}\">\n\t\t\t\t\t<div class=\"e-con-inner\">\n\t\t\t\t<div class=\"elementor-element elementor-element-25dd2c6 elementor-widget elementor-widget-elementskit-header-info\" data-id=\"25dd2c6\" data-element_type=\"widget\" data-widget_type=\"elementskit-header-info.default\">\n\t\t\t\t<div class=\"elementor-widget-container\">\n\t\t\t<div class=\"ekit-wid-con\" >        <ul class=\"ekit-header-info\">\n                                    <li>\n                            <a > \n                                                                Documents                            <\/a>\n                        <\/li>\n\n                            <\/ul>\n        <\/div>\t\t<\/div>\n\t\t\t\t<\/div>\n\t\t\t\t\t<\/div>\n\t\t\t\t<\/div>\n\t\t<div class=\"elementor-element elementor-element-14fabe6 e-flex e-con-boxed e-con e-parent\" data-id=\"14fabe6\" data-element_type=\"container\" data-settings=\"{&quot;ekit_has_onepagescroll_dot&quot;:&quot;yes&quot;}\">\n\t\t\t\t\t<div class=\"e-con-inner\">\n\t\t<div class=\"elementor-element elementor-element-8577be9 e-con-full e-flex e-con e-child\" data-id=\"8577be9\" data-element_type=\"container\" data-settings=\"{&quot;ekit_has_onepagescroll_dot&quot;:&quot;yes&quot;}\">\n\t\t\t\t<div class=\"elementor-element elementor-element-c0d8a25 elementor-position-top elementor-widget elementor-widget-image-box\" data-id=\"c0d8a25\" data-element_type=\"widget\" data-widget_type=\"image-box.default\">\n\t\t\t\t<div class=\"elementor-widget-container\">\n\t\t\t<style>\/*! elementor - v3.21.0 - 30-04-2024 *\/\n.elementor-widget-image-box .elementor-image-box-content{width:100%}@media (min-width:768px){.elementor-widget-image-box.elementor-position-left .elementor-image-box-wrapper,.elementor-widget-image-box.elementor-position-right .elementor-image-box-wrapper{display:flex}.elementor-widget-image-box.elementor-position-right .elementor-image-box-wrapper{text-align:end;flex-direction:row-reverse}.elementor-widget-image-box.elementor-position-left .elementor-image-box-wrapper{text-align:start;flex-direction:row}.elementor-widget-image-box.elementor-position-top .elementor-image-box-img{margin:auto}.elementor-widget-image-box.elementor-vertical-align-top .elementor-image-box-wrapper{align-items:flex-start}.elementor-widget-image-box.elementor-vertical-align-middle .elementor-image-box-wrapper{align-items:center}.elementor-widget-image-box.elementor-vertical-align-bottom .elementor-image-box-wrapper{align-items:flex-end}}@media (max-width:767px){.elementor-widget-image-box .elementor-image-box-img{margin-left:auto!important;margin-right:auto!important;margin-bottom:15px}}.elementor-widget-image-box .elementor-image-box-img{display:inline-block}.elementor-widget-image-box .elementor-image-box-title a{color:inherit}.elementor-widget-image-box .elementor-image-box-wrapper{text-align:center}.elementor-widget-image-box .elementor-image-box-description{margin:0}<\/style><div class=\"elementor-image-box-wrapper\"><figure class=\"elementor-image-box-img\"><a href=\"https:\/\/stellacolors.com\/wp-content\/uploads\/YILDIZ-BOYA-KIMYA-LTD.STI_.-TS-EN-CE-ISO.pdf\" target=\"_blank\" tabindex=\"-1\"><img fetchpriority=\"high\" decoding=\"async\" width=\"1310\" height=\"1310\" src=\"https:\/\/stellacolors.com\/wp-content\/uploads\/Asset-18300.png\" class=\"attachment-full size-full wp-image-4581\" alt=\"\" srcset=\"https:\/\/stellacolors.com\/wp-content\/uploads\/Asset-18300.png 1310w, https:\/\/stellacolors.com\/wp-content\/uploads\/Asset-18300-300x300.png 300w, https:\/\/stellacolors.com\/wp-content\/uploads\/Asset-18300-1024x1024.png 1024w, https:\/\/stellacolors.com\/wp-content\/uploads\/Asset-18300-150x150.png 150w, https:\/\/stellacolors.com\/wp-content\/uploads\/Asset-18300-768x768.png 768w, https:\/\/stellacolors.com\/wp-content\/uploads\/Asset-18300-12x12.png 12w\" sizes=\"(max-width: 1310px) 100vw, 1310px\" \/><\/a><\/figure><div class=\"elementor-image-box-content\"><span class=\"elementor-image-box-title\"><a href=\"https:\/\/stellacolors.com\/wp-content\/uploads\/YILDIZ-BOYA-KIMYA-LTD.STI_.-TS-EN-CE-ISO.pdf\" target=\"_blank\">Certificates<\/a><\/span><\/div><\/div>\t\t<\/div>\n\t\t\t\t<\/div>\n\t\t\t\t<\/div>\n\t\t<div class=\"elementor-element elementor-element-639258a e-con-full e-flex e-con e-child\" data-id=\"639258a\" data-element_type=\"container\" data-settings=\"{&quot;ekit_has_onepagescroll_dot&quot;:&quot;yes&quot;}\">\n\t\t\t\t<div class=\"elementor-element elementor-element-f409364 elementor-position-top elementor-widget elementor-widget-image-box\" data-id=\"f409364\" data-element_type=\"widget\" data-widget_type=\"image-box.default\">\n\t\t\t\t<div class=\"elementor-widget-container\">\n\t\t\t<div class=\"elementor-image-box-wrapper\"><figure class=\"elementor-image-box-img\"><a href=\"https:\/\/stellacolors.com\/wp-content\/uploads\/STELLA-KATALOG-2024.pdf\" target=\"_blank\" tabindex=\"-1\"><img decoding=\"async\" width=\"655\" height=\"656\" src=\"https:\/\/stellacolors.com\/wp-content\/uploads\/Asset-17150.png\" class=\"attachment-full size-full wp-image-4272\" alt=\"\" srcset=\"https:\/\/stellacolors.com\/wp-content\/uploads\/Asset-17150.png 655w, https:\/\/stellacolors.com\/wp-content\/uploads\/Asset-17150-300x300.png 300w, https:\/\/stellacolors.com\/wp-content\/uploads\/Asset-17150-150x150.png 150w, https:\/\/stellacolors.com\/wp-content\/uploads\/Asset-17150-12x12.png 12w\" sizes=\"(max-width: 655px) 100vw, 655px\" \/><\/a><\/figure><div class=\"elementor-image-box-content\"><span class=\"elementor-image-box-title\"><a href=\"https:\/\/stellacolors.com\/wp-content\/uploads\/STELLA-KATALOG-2024.pdf\" target=\"_blank\">Stella \u00fcr\u00fcn katalo\u011fu<\/a><\/span><\/div><\/div>\t\t<\/div>\n\t\t\t\t<\/div>\n\t\t\t\t<\/div>\n\t\t<div class=\"elementor-element elementor-element-e55c516 e-con-full e-flex e-con e-child\" data-id=\"e55c516\" data-element_type=\"container\" data-settings=\"{&quot;ekit_has_onepagescroll_dot&quot;:&quot;yes&quot;}\">\n\t\t\t\t<div class=\"elementor-element elementor-element-290f99a elementor-position-top elementor-widget elementor-widget-image-box\" data-id=\"290f99a\" data-element_type=\"widget\" data-widget_type=\"image-box.default\">\n\t\t\t\t<div class=\"elementor-widget-container\">\n\t\t\t<div class=\"elementor-image-box-wrapper\"><figure class=\"elementor-image-box-img\"><a href=\"https:\/\/stellacolors.com\/wp-content\/uploads\/ral-renk-katologu-stella.pdf\" target=\"_blank\" tabindex=\"-1\"><img decoding=\"async\" width=\"655\" height=\"655\" src=\"https:\/\/stellacolors.com\/wp-content\/uploads\/kartela.webp\" class=\"attachment-full size-full wp-image-3068\" alt=\"\" srcset=\"https:\/\/stellacolors.com\/wp-content\/uploads\/kartela.webp 655w, https:\/\/stellacolors.com\/wp-content\/uploads\/kartela-300x300.webp 300w, https:\/\/stellacolors.com\/wp-content\/uploads\/kartela-150x150.webp 150w, https:\/\/stellacolors.com\/wp-content\/uploads\/kartela-12x12.webp 12w\" sizes=\"(max-width: 655px) 100vw, 655px\" \/><\/a><\/figure><div class=\"elementor-image-box-content\"><span class=\"elementor-image-box-title\"><a href=\"https:\/\/stellacolors.com\/wp-content\/uploads\/ral-renk-katologu-stella.pdf\" target=\"_blank\">Renk kartelas\u0131<\/a><\/span><\/div><\/div>\t\t<\/div>\n\t\t\t\t<\/div>\n\t\t\t\t<\/div>\n\t\t<div class=\"elementor-element elementor-element-7ecb621 e-con-full e-flex e-con e-child\" data-id=\"7ecb621\" data-element_type=\"container\" data-settings=\"{&quot;ekit_has_onepagescroll_dot&quot;:&quot;yes&quot;}\">\n\t\t\t\t<div class=\"elementor-element elementor-element-22609df elementor-position-top elementor-widget elementor-widget-image-box\" data-id=\"22609df\" data-element_type=\"widget\" data-widget_type=\"image-box.default\">\n\t\t\t\t<div class=\"elementor-widget-container\">\n\t\t\t<div class=\"elementor-image-box-wrapper\"><figure class=\"elementor-image-box-img\"><a href=\"https:\/\/stellacolors.com\/wp-content\/uploads\/stella-booklet-web.pdf\" target=\"_blank\" tabindex=\"-1\"><img loading=\"lazy\" decoding=\"async\" width=\"655\" height=\"655\" src=\"https:\/\/stellacolors.com\/wp-content\/uploads\/kullanma_klavuzu.webp\" class=\"attachment-full size-full wp-image-3078\" alt=\"\" srcset=\"https:\/\/stellacolors.com\/wp-content\/uploads\/kullanma_klavuzu.webp 655w, https:\/\/stellacolors.com\/wp-content\/uploads\/kullanma_klavuzu-300x300.webp 300w, https:\/\/stellacolors.com\/wp-content\/uploads\/kullanma_klavuzu-150x150.webp 150w, https:\/\/stellacolors.com\/wp-content\/uploads\/kullanma_klavuzu-12x12.webp 12w\" sizes=\"(max-width: 655px) 100vw, 655px\" \/><\/a><\/figure><div class=\"elementor-image-box-content\"><span class=\"elementor-image-box-title\"><a href=\"https:\/\/stellacolors.com\/wp-content\/uploads\/stella-booklet-web.pdf\" target=\"_blank\">Kullan\u0131m k\u0131lavuzu<\/a><\/span><\/div><\/div>\t\t<\/div>\n\t\t\t\t<\/div>\n\t\t\t\t<\/div>\n\t\t\t\t\t<\/div>\n\t\t\t\t<\/div>\n\t\t<div class=\"elementor-element elementor-element-092adb9 e-con-full e-flex e-con e-parent\" data-id=\"092adb9\" data-element_type=\"container\" data-settings=\"{&quot;background_background&quot;:&quot;classic&quot;,&quot;ekit_has_onepagescroll_dot&quot;:&quot;yes&quot;}\">\n\t\t\t\t<div class=\"elementor-element elementor-element-2f12042 elementor-widget elementor-widget-heading\" data-id=\"2f12042\" data-element_type=\"widget\" data-widget_type=\"heading.default\">\n\t\t\t\t<div class=\"elementor-widget-container\">\n\t\t\t<style>\/*! elementor - v3.21.0 - 30-04-2024 *\/\n.elementor-heading-title{padding:0;margin:0;line-height:1}.elementor-widget-heading .elementor-heading-title[class*=elementor-size-]>a{color:inherit;font-size:inherit;line-height:inherit}.elementor-widget-heading .elementor-heading-title.elementor-size-small{font-size:15px}.elementor-widget-heading .elementor-heading-title.elementor-size-medium{font-size:19px}.elementor-widget-heading .elementor-heading-title.elementor-size-large{font-size:29px}.elementor-widget-heading .elementor-heading-title.elementor-size-xl{font-size:39px}.elementor-widget-heading .elementor-heading-title.elementor-size-xxl{font-size:59px}<\/style><h3 class=\"elementor-heading-title elementor-size-large\">Every Tone, a Story; Every Surface, a Memory.<\/h3>\t\t<\/div>\n\t\t\t\t<\/div>\n\t\t\t\t<div class=\"elementor-element elementor-element-d145817 elementor-widget elementor-widget-heading\" data-id=\"d145817\" data-element_type=\"widget\" data-widget_type=\"heading.default\">\n\t\t\t\t<div class=\"elementor-widget-container\">\n\t\t\t<h3 class=\"elementor-heading-title elementor-size-default\">Rewrite with Stella.<\/h3>\t\t<\/div>\n\t\t\t\t<\/div>\n\t\t\t\t<\/div>\n\t\t<div class=\"elementor-element elementor-element-8f1b8f8 e-flex e-con-boxed e-con e-parent\" data-id=\"8f1b8f8\" data-element_type=\"container\" data-settings=\"{&quot;ekit_has_onepagescroll_dot&quot;:&quot;yes&quot;}\">\n\t\t\t\t\t<div class=\"e-con-inner\">\n\t\t\t\t<div class=\"elementor-element elementor-element-54ae205 elementor-widget elementor-widget-heading\" data-id=\"54ae205\" data-element_type=\"widget\" data-widget_type=\"heading.default\">\n\t\t\t\t<div class=\"elementor-widget-container\">\n\t\t\t<h4 class=\"elementor-heading-title elementor-size-default\">Get inspired for your design!<\/h4>\t\t<\/div>\n\t\t\t\t<\/div>\n\t\t<div class=\"elementor-element elementor-element-9dfe488 e-flex e-con-boxed e-con e-child\" data-id=\"9dfe488\" data-element_type=\"container\" data-settings=\"{&quot;ekit_has_onepagescroll_dot&quot;:&quot;yes&quot;}\">\n\t\t\t\t\t<div class=\"e-con-inner\">\n\t\t\t\t<div class=\"elementor-element elementor-element-cd4bca0 elementor-widget__width-initial gallery-spacing-custom elementor-widget elementor-widget-image-gallery\" data-id=\"cd4bca0\" data-element_type=\"widget\" data-widget_type=\"image-gallery.default\">\n\t\t\t\t<div class=\"elementor-widget-container\">\n\t\t\t<style>\/*! elementor - v3.21.0 - 30-04-2024 *\/\n.elementor-image-gallery .gallery-item{display:inline-block;text-align:center;vertical-align:top;width:100%;max-width:100%;margin:0 auto}.elementor-image-gallery .gallery-item img{margin:0 auto}.elementor-image-gallery .gallery-item .gallery-caption{margin:0}.elementor-image-gallery figure img{display:block}.elementor-image-gallery figure figcaption{width:100%}.gallery-spacing-custom .elementor-image-gallery .gallery-icon{padding:0}@media (min-width:768px){.elementor-image-gallery .gallery-columns-2 .gallery-item{max-width:50%}.elementor-image-gallery .gallery-columns-3 .gallery-item{max-width:33.33%}.elementor-image-gallery .gallery-columns-4 .gallery-item{max-width:25%}.elementor-image-gallery .gallery-columns-5 .gallery-item{max-width:20%}.elementor-image-gallery .gallery-columns-6 .gallery-item{max-width:16.666%}.elementor-image-gallery .gallery-columns-7 .gallery-item{max-width:14.28%}.elementor-image-gallery .gallery-columns-8 .gallery-item{max-width:12.5%}.elementor-image-gallery .gallery-columns-9 .gallery-item{max-width:11.11%}.elementor-image-gallery .gallery-columns-10 .gallery-item{max-width:10%}}@media (min-width:480px) and (max-width:767px){.elementor-image-gallery .gallery.gallery-columns-2 .gallery-item,.elementor-image-gallery .gallery.gallery-columns-3 .gallery-item,.elementor-image-gallery .gallery.gallery-columns-4 .gallery-item,.elementor-image-gallery .gallery.gallery-columns-5 .gallery-item,.elementor-image-gallery .gallery.gallery-columns-6 .gallery-item,.elementor-image-gallery .gallery.gallery-columns-7 .gallery-item,.elementor-image-gallery .gallery.gallery-columns-8 .gallery-item,.elementor-image-gallery .gallery.gallery-columns-9 .gallery-item,.elementor-image-gallery .gallery.gallery-columns-10 .gallery-item{max-width:50%}}@media (max-width:479px){.elementor-image-gallery .gallery.gallery-columns-2 .gallery-item,.elementor-image-gallery .gallery.gallery-columns-3 .gallery-item,.elementor-image-gallery .gallery.gallery-columns-4 .gallery-item,.elementor-image-gallery .gallery.gallery-columns-5 .gallery-item,.elementor-image-gallery .gallery.gallery-columns-6 .gallery-item,.elementor-image-gallery .gallery.gallery-columns-7 .gallery-item,.elementor-image-gallery .gallery.gallery-columns-8 .gallery-item,.elementor-image-gallery .gallery.gallery-columns-9 .gallery-item,.elementor-image-gallery .gallery.gallery-columns-10 .gallery-item{max-width:100%}}<\/style>\t\t<div class=\"elementor-image-gallery\">\n\t\t\t<div id='gallery-1' class='gallery galleryid-1861 gallery-columns-2 gallery-size-full'><figure class='gallery-item'>\n\t\t\t<div class='gallery-icon landscape'>\n\t\t\t\t<img loading=\"lazy\" decoding=\"async\" width=\"858\" height=\"858\" src=\"https:\/\/stellacolors.com\/wp-content\/uploads\/Varlik-11-1.webp\" class=\"attachment-full size-full\" alt=\"\" srcset=\"https:\/\/stellacolors.com\/wp-content\/uploads\/Varlik-11-1.webp 858w, https:\/\/stellacolors.com\/wp-content\/uploads\/Varlik-11-1-300x300.webp 300w, https:\/\/stellacolors.com\/wp-content\/uploads\/Varlik-11-1-150x150.webp 150w, https:\/\/stellacolors.com\/wp-content\/uploads\/Varlik-11-1-768x768.webp 768w, https:\/\/stellacolors.com\/wp-content\/uploads\/Varlik-11-1-12x12.webp 12w\" sizes=\"(max-width: 858px) 100vw, 858px\" \/>\n\t\t\t<\/div><\/figure><figure class='gallery-item'>\n\t\t\t<div class='gallery-icon portrait'>\n\t\t\t\t<img loading=\"lazy\" decoding=\"async\" width=\"857\" height=\"858\" src=\"https:\/\/stellacolors.com\/wp-content\/uploads\/Varlik-12-1.webp\" class=\"attachment-full size-full\" alt=\"\" srcset=\"https:\/\/stellacolors.com\/wp-content\/uploads\/Varlik-12-1.webp 857w, https:\/\/stellacolors.com\/wp-content\/uploads\/Varlik-12-1-300x300.webp 300w, https:\/\/stellacolors.com\/wp-content\/uploads\/Varlik-12-1-150x150.webp 150w, https:\/\/stellacolors.com\/wp-content\/uploads\/Varlik-12-1-768x769.webp 768w, https:\/\/stellacolors.com\/wp-content\/uploads\/Varlik-12-1-12x12.webp 12w\" sizes=\"(max-width: 857px) 100vw, 857px\" \/>\n\t\t\t<\/div><\/figure><figure class='gallery-item'>\n\t\t\t<div class='gallery-icon portrait'>\n\t\t\t\t<img loading=\"lazy\" decoding=\"async\" width=\"857\" height=\"858\" src=\"https:\/\/stellacolors.com\/wp-content\/uploads\/Varlik-14-2.webp\" class=\"attachment-full size-full\" alt=\"\" srcset=\"https:\/\/stellacolors.com\/wp-content\/uploads\/Varlik-14-2.webp 857w, https:\/\/stellacolors.com\/wp-content\/uploads\/Varlik-14-2-300x300.webp 300w, https:\/\/stellacolors.com\/wp-content\/uploads\/Varlik-14-2-150x150.webp 150w, https:\/\/stellacolors.com\/wp-content\/uploads\/Varlik-14-2-768x769.webp 768w, https:\/\/stellacolors.com\/wp-content\/uploads\/Varlik-14-2-12x12.webp 12w\" sizes=\"(max-width: 857px) 100vw, 857px\" \/>\n\t\t\t<\/div><\/figure><figure class='gallery-item'>\n\t\t\t<div class='gallery-icon landscape'>\n\t\t\t\t<img loading=\"lazy\" decoding=\"async\" width=\"857\" height=\"857\" src=\"https:\/\/stellacolors.com\/wp-content\/uploads\/Varlik-13-2.webp\" class=\"attachment-full size-full\" alt=\"\" srcset=\"https:\/\/stellacolors.com\/wp-content\/uploads\/Varlik-13-2.webp 857w, https:\/\/stellacolors.com\/wp-content\/uploads\/Varlik-13-2-300x300.webp 300w, https:\/\/stellacolors.com\/wp-content\/uploads\/Varlik-13-2-150x150.webp 150w, https:\/\/stellacolors.com\/wp-content\/uploads\/Varlik-13-2-768x768.webp 768w, https:\/\/stellacolors.com\/wp-content\/uploads\/Varlik-13-2-12x12.webp 12w\" sizes=\"(max-width: 857px) 100vw, 857px\" \/>\n\t\t\t<\/div><\/figure>\n\t\t<\/div>\n\t\t<\/div>\n\t\t\t\t<\/div>\n\t\t\t\t<\/div>\n\t\t\t\t<div class=\"elementor-element elementor-element-40dbe42 elementor-widget__width-initial elementor-widget elementor-widget-image\" data-id=\"40dbe42\" data-element_type=\"widget\" data-widget_type=\"image.default\">\n\t\t\t\t<div class=\"elementor-widget-container\">\n\t\t\t<style>\/*! elementor - v3.21.0 - 30-04-2024 *\/\n.elementor-widget-image{text-align:center}.elementor-widget-image a{display:inline-block}.elementor-widget-image a img[src$=\".svg\"]{width:48px}.elementor-widget-image img{vertical-align:middle;display:inline-block}<\/style>\t\t\t\t\t\t\t\t\t\t<img loading=\"lazy\" decoding=\"async\" width=\"1600\" height=\"1600\" src=\"https:\/\/stellacolors.com\/wp-content\/uploads\/Varlik-15-3.webp\" class=\"attachment-full size-full wp-image-3094\" alt=\"\" srcset=\"https:\/\/stellacolors.com\/wp-content\/uploads\/Varlik-15-3.webp 1600w, https:\/\/stellacolors.com\/wp-content\/uploads\/Varlik-15-3-300x300.webp 300w, https:\/\/stellacolors.com\/wp-content\/uploads\/Varlik-15-3-1024x1024.webp 1024w, https:\/\/stellacolors.com\/wp-content\/uploads\/Varlik-15-3-150x150.webp 150w, https:\/\/stellacolors.com\/wp-content\/uploads\/Varlik-15-3-768x768.webp 768w, https:\/\/stellacolors.com\/wp-content\/uploads\/Varlik-15-3-1536x1536.webp 1536w, https:\/\/stellacolors.com\/wp-content\/uploads\/Varlik-15-3-12x12.webp 12w\" sizes=\"(max-width: 1600px) 100vw, 1600px\" \/>\t\t\t\t\t\t\t\t\t\t\t\t\t<\/div>\n\t\t\t\t<\/div>\n\t\t\t\t\t<\/div>\n\t\t\t\t<\/div>\n\t\t\t\t\t<\/div>\n\t\t\t\t<\/div>\n\t\t\t\t<\/div>","protected":false},"excerpt":{"rendered":"<p>Belgeler Sertifikalar Stella \u00fcr\u00fcn katalo\u011fu Renk kartelas\u0131 Kullan\u0131m k\u0131lavuzu Her Ton, Bir Hikaye; Her Y\u00fczey, Bir An\u0131. Stella \u0130le Yeniden Yaz\u0131n. Tasar\u0131m\u0131n\u0131z i\u00e7in ilham al\u0131n!<\/p>","protected":false},"author":2,"featured_media":0,"parent":0,"menu_order":0,"comment_status":"closed","ping_status":"closed","template":"elementor_theme","meta":{"footnotes":""},"_links":{"self":[{"href":"https:\/\/stellacolors.com\/en_us\/wp-json\/wp\/v2\/pages\/1861"}],"collection":[{"href":"https:\/\/stellacolors.com\/en_us\/wp-json\/wp\/v2\/pages"}],"about":[{"href":"https:\/\/stellacolors.com\/en_us\/wp-json\/wp\/v2\/types\/page"}],"author":[{"embeddable":true,"href":"https:\/\/stellacolors.com\/en_us\/wp-json\/wp\/v2\/users\/2"}],"replies":[{"embeddable":true,"href":"https:\/\/stellacolors.com\/en_us\/wp-json\/wp\/v2\/comments?post=1861"}],"version-history":[{"count":12,"href":"https:\/\/stellacolors.com\/en_us\/wp-json\/wp\/v2\/pages\/1861\/revisions"}],"predecessor-version":[{"id":4585,"href":"https:\/\/stellacolors.com\/en_us\/wp-json\/wp\/v2\/pages\/1861\/revisions\/4585"}],"wp:attachment":[{"href":"https:\/\/stellacolors.com\/en_us\/wp-json\/wp\/v2\/media?parent=1861"}],"curies":[{"name":"wp","href":"https:\/\/api.w.org\/{rel}","templated":true}]}}