{"id":4192,"date":"2024-07-04T10:31:08","date_gmt":"2024-07-04T07:31:08","guid":{"rendered":"https:\/\/stellacolors.com\/?page_id=4192"},"modified":"2024-07-04T10:43:36","modified_gmt":"2024-07-04T07:43:36","slug":"hobi-ve-donusum-boyalari","status":"publish","type":"page","link":"https:\/\/stellacolors.com\/en_us\/hobi-ve-donusum-boyalari\/","title":{"rendered":"Hobby and Renovation Paints"},"content":{"rendered":"<div data-elementor-type=\"wp-page\" data-elementor-id=\"4192\" class=\"elementor elementor-4192\" data-elementor-post-type=\"page\">\n\t\t\t\t<div class=\"elementor-element elementor-element-3e2bc90c e-flex e-con-boxed e-con e-parent\" data-id=\"3e2bc90c\" data-element_type=\"container\" data-settings=\"{&quot;ekit_has_onepagescroll_dot&quot;:&quot;yes&quot;}\">\n\t\t\t\t\t<div class=\"e-con-inner\">\n\t\t\t\t<div class=\"elementor-element elementor-element-33a979c7 elementor-widget elementor-widget-heading\" data-id=\"33a979c7\" data-element_type=\"widget\" data-widget_type=\"heading.default\">\n\t\t\t\t<div class=\"elementor-widget-container\">\n\t\t\t<style>\/*! elementor - v3.21.0 - 30-04-2024 *\/\n.elementor-heading-title{padding:0;margin:0;line-height:1}.elementor-widget-heading .elementor-heading-title[class*=elementor-size-]>a{color:inherit;font-size:inherit;line-height:inherit}.elementor-widget-heading .elementor-heading-title.elementor-size-small{font-size:15px}.elementor-widget-heading .elementor-heading-title.elementor-size-medium{font-size:19px}.elementor-widget-heading .elementor-heading-title.elementor-size-large{font-size:29px}.elementor-widget-heading .elementor-heading-title.elementor-size-xl{font-size:39px}.elementor-widget-heading .elementor-heading-title.elementor-size-xxl{font-size:59px}<\/style><h2 class=\"elementor-heading-title elementor-size-default\">Hobby and Renovation Paints<\/h2>\t\t<\/div>\n\t\t\t\t<\/div>\n\t\t\t\t\t<\/div>\n\t\t\t\t<\/div>\n\t\t<div class=\"elementor-element elementor-element-30cc03e0 e-flex e-con-boxed e-con e-parent\" data-id=\"30cc03e0\" data-element_type=\"container\" data-settings=\"{&quot;ekit_has_onepagescroll_dot&quot;:&quot;yes&quot;}\">\n\t\t\t\t\t<div class=\"e-con-inner\">\n\t\t\t\t<div class=\"elementor-element elementor-element-7878d0a4 elementor-widget elementor-widget-heading\" data-id=\"7878d0a4\" data-element_type=\"widget\" data-widget_type=\"heading.default\">\n\t\t\t\t<div class=\"elementor-widget-container\">\n\t\t\t<h2 class=\"elementor-heading-title elementor-size-default\">Our high quality acrylic paints allow you to achieve excellent results on all kinds of surfaces with their rich colour options and easy-to-apply structures. In addition, thanks to their water-based nature, they are environmentally friendly and very practical to clean. Turn your dreams into reality with hobby and transformation paints, make a difference with every touch!<\/h2>\t\t<\/div>\n\t\t\t\t<\/div>\n\t\t\t\t\t<\/div>\n\t\t\t\t<\/div>\n\t\t<div class=\"elementor-element elementor-element-3da329df e-grid e-con-boxed e-con e-parent\" data-id=\"3da329df\" data-element_type=\"container\" data-settings=\"{&quot;ekit_has_onepagescroll_dot&quot;:&quot;yes&quot;}\">\n\t\t\t\t\t<div class=\"e-con-inner\">\n\t\t\t\t<div class=\"elementor-element elementor-element-218ea293 elementor-widget elementor-widget-elementskit-image-box\" data-id=\"218ea293\" data-element_type=\"widget\" data-widget_type=\"elementskit-image-box.default\">\n\t\t\t\t<div class=\"elementor-widget-container\">\n\t\t\t<div class=\"ekit-wid-con\" >\n            <div class=\"elementskit-info-image-box ekit-image-box text-center floating-style\" >\n\n                \n                <div class=\"elementskit-box-header image-box-img-center\">\n\n                    <img fetchpriority=\"high\" decoding=\"async\" width=\"2376\" height=\"1480\" src=\"https:\/\/stellacolors.com\/wp-content\/uploads\/Asset-36300.webp\" class=\"attachment-full size-full wp-image-4205\" alt=\"\" srcset=\"https:\/\/stellacolors.com\/wp-content\/uploads\/Asset-36300.webp 2376w, https:\/\/stellacolors.com\/wp-content\/uploads\/Asset-36300-300x187.webp 300w, https:\/\/stellacolors.com\/wp-content\/uploads\/Asset-36300-1024x638.webp 1024w, https:\/\/stellacolors.com\/wp-content\/uploads\/Asset-36300-150x93.webp 150w, https:\/\/stellacolors.com\/wp-content\/uploads\/Asset-36300-768x478.webp 768w, https:\/\/stellacolors.com\/wp-content\/uploads\/Asset-36300-1536x957.webp 1536w, https:\/\/stellacolors.com\/wp-content\/uploads\/Asset-36300-2048x1276.webp 2048w, https:\/\/stellacolors.com\/wp-content\/uploads\/Asset-36300-18x12.webp 18w\" sizes=\"(max-width: 2376px) 100vw, 2376px\" \/>\n                <\/div>\n                \n                <div class=\"elementskit-box-body ekit-image-box-body\">\n                    <div class=\"elementskit-box-content ekit-image-box-body-inner\">\n                                                <h3 class=\"elementskit-info-box-title\">\n\n                        \n                            \n                        Acrylic Renovation Paints\n                        \n                    <\/h3>\n                                                            <div class=\"elementskit-box-style-content\">\n                        Acrylic conversion paints are water-based, fast drying and durable paints used in surface renovation and decorative projects.                    <\/div>\n                                    <\/div>\n\n                                <div class=\"elementskit-box-footer\">\n                    <div class=\"box-footer\">\n                        <div class=\"btn-wraper\">\n                                                            <a href=\"https:\/\/stellacolors.com\/en_us\/transformation-paints\/\" class=\"elementskit-btn whitespace--normal\">\n                                    \n                                    \n                                    Read More                                <\/a>\n                                                        <\/div>\n                    <\/div>\n                <\/div>\n                            <\/div>\n            <\/div>\n    <\/div>\t\t<\/div>\n\t\t\t\t<\/div>\n\t\t\t\t<div class=\"elementor-element elementor-element-220afd14 elementor-widget elementor-widget-elementskit-image-box\" data-id=\"220afd14\" data-element_type=\"widget\" data-widget_type=\"elementskit-image-box.default\">\n\t\t\t\t<div class=\"elementor-widget-container\">\n\t\t\t<div class=\"ekit-wid-con\" >\n            <div class=\"elementskit-info-image-box ekit-image-box text-center floating-style\" >\n\n                \n                <div class=\"elementskit-box-header image-box-img-center\">\n\n                    <img decoding=\"async\" width=\"2376\" height=\"1480\" src=\"https:\/\/stellacolors.com\/wp-content\/uploads\/Asset-37300.webp\" class=\"attachment-full size-full wp-image-4206\" alt=\"\" srcset=\"https:\/\/stellacolors.com\/wp-content\/uploads\/Asset-37300.webp 2376w, https:\/\/stellacolors.com\/wp-content\/uploads\/Asset-37300-300x187.webp 300w, https:\/\/stellacolors.com\/wp-content\/uploads\/Asset-37300-1024x638.webp 1024w, https:\/\/stellacolors.com\/wp-content\/uploads\/Asset-37300-150x93.webp 150w, https:\/\/stellacolors.com\/wp-content\/uploads\/Asset-37300-768x478.webp 768w, https:\/\/stellacolors.com\/wp-content\/uploads\/Asset-37300-1536x957.webp 1536w, https:\/\/stellacolors.com\/wp-content\/uploads\/Asset-37300-2048x1276.webp 2048w, https:\/\/stellacolors.com\/wp-content\/uploads\/Asset-37300-18x12.webp 18w\" sizes=\"(max-width: 2376px) 100vw, 2376px\" \/>\n                <\/div>\n                \n                <div class=\"elementskit-box-body ekit-image-box-body\">\n                    <div class=\"elementskit-box-content ekit-image-box-body-inner\">\n                                                <h3 class=\"elementskit-info-box-title\">\n\n                        \n                            \n                        Special Effect Paints\n                        \n                    <\/h3>\n                                                            <div class=\"elementskit-box-style-content\">\n                        Special effect spray paints are innovative paints designed to give surfaces an elegant and sophisticated look.                    <\/div>\n                                    <\/div>\n\n                                <div class=\"elementskit-box-footer\">\n                    <div class=\"box-footer\">\n                        <div class=\"btn-wraper\">\n                                                            <a href=\"https:\/\/stellacolors.com\/en_us\/special-effect-paints\/\" class=\"elementskit-btn whitespace--normal\">\n                                    \n                                    \n                                    Read More                                <\/a>\n                                                        <\/div>\n                    <\/div>\n                <\/div>\n                            <\/div>\n            <\/div>\n    <\/div>\t\t<\/div>\n\t\t\t\t<\/div>\n\t\t\t\t<div class=\"elementor-element elementor-element-48db541a elementor-widget elementor-widget-elementskit-image-box\" data-id=\"48db541a\" data-element_type=\"widget\" data-widget_type=\"elementskit-image-box.default\">\n\t\t\t\t<div class=\"elementor-widget-container\">\n\t\t\t<div class=\"ekit-wid-con\" >\n            <div class=\"elementskit-info-image-box ekit-image-box text-center floating-style\" >\n\n                \n                <div class=\"elementskit-box-header image-box-img-center\">\n\n                    <img decoding=\"async\" width=\"2376\" height=\"1480\" src=\"https:\/\/stellacolors.com\/wp-content\/uploads\/Asset-38300.webp\" class=\"attachment-full size-full wp-image-4223\" alt=\"\" srcset=\"https:\/\/stellacolors.com\/wp-content\/uploads\/Asset-38300.webp 2376w, https:\/\/stellacolors.com\/wp-content\/uploads\/Asset-38300-300x187.webp 300w, https:\/\/stellacolors.com\/wp-content\/uploads\/Asset-38300-1024x638.webp 1024w, https:\/\/stellacolors.com\/wp-content\/uploads\/Asset-38300-150x93.webp 150w, https:\/\/stellacolors.com\/wp-content\/uploads\/Asset-38300-768x478.webp 768w, https:\/\/stellacolors.com\/wp-content\/uploads\/Asset-38300-1536x957.webp 1536w, https:\/\/stellacolors.com\/wp-content\/uploads\/Asset-38300-2048x1276.webp 2048w, https:\/\/stellacolors.com\/wp-content\/uploads\/Asset-38300-18x12.webp 18w\" sizes=\"(max-width: 2376px) 100vw, 2376px\" \/>\n                <\/div>\n                \n                <div class=\"elementskit-box-body ekit-image-box-body\">\n                    <div class=\"elementskit-box-content ekit-image-box-body-inner\">\n                                                <h3 class=\"elementskit-info-box-title\">\n\n                        \n                            \n                        Varnishes\n                        \n                    <\/h3>\n                                                            <div class=\"elementskit-box-style-content\">\n                        It is extremely resistant to abrasion and chemical substances and is used in many areas.                     <\/div>\n                                    <\/div>\n\n                                <div class=\"elementskit-box-footer\">\n                    <div class=\"box-footer\">\n                        <div class=\"btn-wraper\">\n                                                            <a href=\"https:\/\/stellacolors.com\/en_us\/varnishes\/\" class=\"elementskit-btn whitespace--normal\">\n                                    \n                                    \n                                    Read More                                <\/a>\n                                                        <\/div>\n                    <\/div>\n                <\/div>\n                            <\/div>\n            <\/div>\n    <\/div>\t\t<\/div>\n\t\t\t\t<\/div>\n\t\t\t\t\t<\/div>\n\t\t\t\t<\/div>\n\t\t<div class=\"elementor-element elementor-element-24822643 e-flex e-con-boxed e-con e-parent\" data-id=\"24822643\" data-element_type=\"container\" data-settings=\"{&quot;ekit_has_onepagescroll_dot&quot;:&quot;yes&quot;}\">\n\t\t\t\t\t<div class=\"e-con-inner\">\n\t\t\t\t<div class=\"elementor-element elementor-element-3af12dc0 elementor-widget elementor-widget-elementskit-header-info\" data-id=\"3af12dc0\" data-element_type=\"widget\" data-widget_type=\"elementskit-header-info.default\">\n\t\t\t\t<div class=\"elementor-widget-container\">\n\t\t\t<div class=\"ekit-wid-con\" >        <ul class=\"ekit-header-info\">\n                                    <li>\n                            <a href=\"https:\/\/stellacolors.com\/en_us\/blog\/\" target=\"_blank\" rel=\"nofollow\"> \n                                <i aria-hidden=\"true\" class=\"icon icon-chevron-right\"><\/i>                                View all                            <\/a>\n                        <\/li>\n\n                            <\/ul>\n        <\/div>\t\t<\/div>\n\t\t\t\t<\/div>\n\t\t\t\t<div class=\"elementor-element elementor-element-11233f6e elementor-widget elementor-widget-elementskit-blog-posts\" data-id=\"11233f6e\" data-element_type=\"widget\" data-widget_type=\"elementskit-blog-posts.default\">\n\t\t\t\t<div class=\"elementor-widget-container\">\n\t\t\t<div class=\"ekit-wid-con\" >\n        <div id=\"post-items--11233f6e\" class=\"row post-items ekit-blog-posts-content wihout-masonry\" data-enable=\"no\">\n\n\t\t\t<!-- Blog Carousel markup render -->\n\t\t\t\n\n            <div class=\"col-lg-4 col-md-6\">\n\n                                    <div class=\"elementskit-post-image-card\">\n                        <div class=\"elementskit-entry-header\">\n                                                            <a href=\"https:\/\/stellacolors.com\/en_us\/ahsap-boyamanin-incelikleri-ogrenmek-ister-misiniz\/\" class=\"elementskit-entry-thumb\">\n                                    <img decoding=\"async\" src=\"https:\/\/stellacolors.com\/wp-content\/uploads\/13-1024x576.webp\" alt=\"Ah\u015fap boyaman\u0131n incelikleri \u00f6\u011frenmek ister misiniz?\">\n                                <\/a><!-- .elementskit-entry-thumb END -->\n                                                            \n                            \n                                                    <\/div><!-- .elementskit-entry-header END -->\n\n                        <div class=\"elementskit-post-body\">\n                            \n                                                                                                                                                        \n                                        \n                                                                                                <h2 class=\"entry-title\">\n                    <a href=\"https:\/\/stellacolors.com\/en_us\/ahsap-boyamanin-incelikleri-ogrenmek-ister-misiniz\/\">\n                            Would you like to learn the intricacies of wood painting?                    <\/a>\n                <\/h2>\n                                                                                                                                                                                            <p>Learn the intricacies of furniture transformation with water-based acrylic paint.<\/p>\n                                                                                                                                                        <div class=\"btn-wraper\">\n                                    \n                                                                            <a href=\"https:\/\/stellacolors.com\/en_us\/ahsap-boyamanin-incelikleri-ogrenmek-ister-misiniz\/\" class=\"elementskit-btn  whitespace--normal\" >\n                                                                                    Read More                                        <\/a>\n                                                                    <\/div>\n                                                    <\/div><!-- .elementskit-post-body END -->\n                    <\/div>\n                \n            <\/div>\t\t\t\t\n\n            <div class=\"col-lg-4 col-md-6\">\n\n                                    <div class=\"elementskit-post-image-card\">\n                        <div class=\"elementskit-entry-header\">\n                                                            <a href=\"https:\/\/stellacolors.com\/en_us\/mermer-efekt-spreyler-ile-zamani-yakalayin\/\" class=\"elementskit-entry-thumb\">\n                                    <img decoding=\"async\" src=\"https:\/\/stellacolors.com\/wp-content\/uploads\/21-1024x576.webp\" alt=\"Mermer efekt spreyler ile zaman\u0131 yakalay\u0131n!\">\n                                <\/a><!-- .elementskit-entry-thumb END -->\n                                                            \n                            \n                                                    <\/div><!-- .elementskit-entry-header END -->\n\n                        <div class=\"elementskit-post-body\">\n                            \n                                                                                                                                                        \n                                        \n                                                                                                <h2 class=\"entry-title\">\n                    <a href=\"https:\/\/stellacolors.com\/en_us\/mermer-efekt-spreyler-ile-zamani-yakalayin\/\">\n                            Seize the time with marble effect sprays!                    <\/a>\n                <\/h2>\n                                                                                                                                                                                            <p>Try the marble effect spray for effortless and stylish surfaces.<\/p>\n                                                                                                                                                        <div class=\"btn-wraper\">\n                                    \n                                                                            <a href=\"https:\/\/stellacolors.com\/en_us\/mermer-efekt-spreyler-ile-zamani-yakalayin\/\" class=\"elementskit-btn  whitespace--normal\" >\n                                                                                    Read More                                        <\/a>\n                                                                    <\/div>\n                                                    <\/div><!-- .elementskit-post-body END -->\n                    <\/div>\n                \n            <\/div>\t\t\t\t\n\n            <div class=\"col-lg-4 col-md-6\">\n\n                                    <div class=\"elementskit-post-image-card\">\n                        <div class=\"elementskit-entry-header\">\n                                                            <a href=\"https:\/\/stellacolors.com\/en_us\/mavinin-sinirsiz-hissini-kesfedin\/\" class=\"elementskit-entry-thumb\">\n                                    <img decoding=\"async\" src=\"https:\/\/stellacolors.com\/wp-content\/uploads\/06.webp\" alt=\"Mavinin s\u0131n\u0131rs\u0131z hissini ke\u015ffedin!\">\n                                <\/a><!-- .elementskit-entry-thumb END -->\n                                                            \n                            \n                                                    <\/div><!-- .elementskit-entry-header END -->\n\n                        <div class=\"elementskit-post-body\">\n                            \n                                                                                                                                                        \n                                        \n                                                                                                <h2 class=\"entry-title\">\n                    <a href=\"https:\/\/stellacolors.com\/en_us\/mavinin-sinirsiz-hissini-kesfedin\/\">\n                            Discover the limitless feeling of blue!                    <\/a>\n                <\/h2>\n                                                                                                                                                                                            <p>Are you ready to add colour to your life by meeting this magnificent paint type?<\/p>\n                                                                                                                                                        <div class=\"btn-wraper\">\n                                    \n                                                                            <a href=\"https:\/\/stellacolors.com\/en_us\/mavinin-sinirsiz-hissini-kesfedin\/\" class=\"elementskit-btn  whitespace--normal\" >\n                                                                                    Read More                                        <\/a>\n                                                                    <\/div>\n                                                    <\/div><!-- .elementskit-post-body END -->\n                    <\/div>\n                \n            <\/div>\t\t\t\t        <\/div>\n        \n        \n        <\/div>\t\t<\/div>\n\t\t\t\t<\/div>\n\t\t\t\t\t<\/div>\n\t\t\t\t<\/div>\n\t\t\t\t<\/div>","protected":false},"excerpt":{"rendered":"<p>Hobi ve D\u00f6n\u00fc\u015f\u00fcm Boyalar\u0131 Y\u00fcksek kaliteli akrilik boyalar\u0131m\u0131z, zengin renk se\u00e7enekleri ve kolay uygulanabilir yap\u0131lar\u0131yla her t\u00fcrl\u00fc y\u00fczeyde m\u00fckemmel sonu\u00e7lar elde etmenizi sa\u011flar. Ayr\u0131ca, su bazl\u0131 olmalar\u0131 sayesinde \u00e7evre dostudur ve temizlikleri olduk\u00e7a pratiktir. Hobi ve d\u00f6n\u00fc\u015f\u00fcm boyalar\u0131 ile hayallerinizi ger\u00e7e\u011fe d\u00f6n\u00fc\u015ft\u00fcr\u00fcn, her dokunu\u015fta fark yarat\u0131n! Akrilik D\u00f6n\u00fc\u015f\u00fcm Boyalar\u0131 Akrilik d\u00f6n\u00fc\u015f\u00fcm boyalar\u0131, y\u00fczey yenileme ve [&hellip;] <\/p>","protected":false},"author":3,"featured_media":0,"parent":0,"menu_order":0,"comment_status":"closed","ping_status":"closed","template":"","meta":{"footnotes":""},"_links":{"self":[{"href":"https:\/\/stellacolors.com\/en_us\/wp-json\/wp\/v2\/pages\/4192"}],"collection":[{"href":"https:\/\/stellacolors.com\/en_us\/wp-json\/wp\/v2\/pages"}],"about":[{"href":"https:\/\/stellacolors.com\/en_us\/wp-json\/wp\/v2\/types\/page"}],"author":[{"embeddable":true,"href":"https:\/\/stellacolors.com\/en_us\/wp-json\/wp\/v2\/users\/3"}],"replies":[{"embeddable":true,"href":"https:\/\/stellacolors.com\/en_us\/wp-json\/wp\/v2\/comments?post=4192"}],"version-history":[{"count":20,"href":"https:\/\/stellacolors.com\/en_us\/wp-json\/wp\/v2\/pages\/4192\/revisions"}],"predecessor-version":[{"id":4226,"href":"https:\/\/stellacolors.com\/en_us\/wp-json\/wp\/v2\/pages\/4192\/revisions\/4226"}],"wp:attachment":[{"href":"https:\/\/stellacolors.com\/en_us\/wp-json\/wp\/v2\/media?parent=4192"}],"curies":[{"name":"wp","href":"https:\/\/api.w.org\/{rel}","templated":true}]}}