{"id":4247,"date":"2024-07-16T17:30:59","date_gmt":"2024-07-16T14:30:59","guid":{"rendered":"https:\/\/stellacolors.com\/?page_id=4247"},"modified":"2024-07-22T15:42:29","modified_gmt":"2024-07-22T12:42:29","slug":"xps-eps-kataloglar","status":"publish","type":"page","link":"https:\/\/stellacolors.com\/en_us\/xps-eps-kataloglar\/","title":{"rendered":"XPS-EPS Kataloglar"},"content":{"rendered":"<div data-elementor-type=\"wp-page\" data-elementor-id=\"4247\" class=\"elementor elementor-4247\" data-elementor-post-type=\"page\">\n\t\t\t\t<div class=\"elementor-element elementor-element-452038f e-flex e-con-boxed e-con e-parent\" data-id=\"452038f\" data-element_type=\"container\" data-settings=\"{&quot;ekit_has_onepagescroll_dot&quot;:&quot;yes&quot;}\">\n\t\t\t\t\t<div class=\"e-con-inner\">\n\t\t<div class=\"elementor-element elementor-element-5e21bf64 e-con-full e-flex e-con e-child\" data-id=\"5e21bf64\" data-element_type=\"container\" data-settings=\"{&quot;ekit_has_onepagescroll_dot&quot;:&quot;yes&quot;}\">\n\t\t\t\t<div class=\"elementor-element elementor-element-1328f9d1 elementor-position-top elementor-widget elementor-widget-image-box\" data-id=\"1328f9d1\" data-element_type=\"widget\" data-widget_type=\"image-box.default\">\n\t\t\t\t<div class=\"elementor-widget-container\">\n\t\t\t<style>\/*! elementor - v3.21.0 - 30-04-2024 *\/\n.elementor-widget-image-box .elementor-image-box-content{width:100%}@media (min-width:768px){.elementor-widget-image-box.elementor-position-left .elementor-image-box-wrapper,.elementor-widget-image-box.elementor-position-right .elementor-image-box-wrapper{display:flex}.elementor-widget-image-box.elementor-position-right .elementor-image-box-wrapper{text-align:end;flex-direction:row-reverse}.elementor-widget-image-box.elementor-position-left .elementor-image-box-wrapper{text-align:start;flex-direction:row}.elementor-widget-image-box.elementor-position-top .elementor-image-box-img{margin:auto}.elementor-widget-image-box.elementor-vertical-align-top .elementor-image-box-wrapper{align-items:flex-start}.elementor-widget-image-box.elementor-vertical-align-middle .elementor-image-box-wrapper{align-items:center}.elementor-widget-image-box.elementor-vertical-align-bottom .elementor-image-box-wrapper{align-items:flex-end}}@media (max-width:767px){.elementor-widget-image-box .elementor-image-box-img{margin-left:auto!important;margin-right:auto!important;margin-bottom:15px}}.elementor-widget-image-box .elementor-image-box-img{display:inline-block}.elementor-widget-image-box .elementor-image-box-title a{color:inherit}.elementor-widget-image-box .elementor-image-box-wrapper{text-align:center}.elementor-widget-image-box .elementor-image-box-description{margin:0}<\/style><div class=\"elementor-image-box-wrapper\"><figure class=\"elementor-image-box-img\"><a href=\"https:\/\/stellacolors.com\/wp-content\/uploads\/Stella-XPS-EPS-Katalogve-fiyat-listesi-2024.pdf\" target=\"_blank\" tabindex=\"-1\"><img fetchpriority=\"high\" decoding=\"async\" width=\"655\" height=\"655\" src=\"https:\/\/stellacolors.com\/wp-content\/uploads\/Asset-17-2150.png\" class=\"attachment-full size-full wp-image-4283\" alt=\"\" srcset=\"https:\/\/stellacolors.com\/wp-content\/uploads\/Asset-17-2150.png 655w, https:\/\/stellacolors.com\/wp-content\/uploads\/Asset-17-2150-300x300.png 300w, https:\/\/stellacolors.com\/wp-content\/uploads\/Asset-17-2150-150x150.png 150w, https:\/\/stellacolors.com\/wp-content\/uploads\/Asset-17-2150-12x12.png 12w\" sizes=\"(max-width: 655px) 100vw, 655px\" \/><\/a><\/figure><div class=\"elementor-image-box-content\"><span class=\"elementor-image-box-title\"><a href=\"https:\/\/stellacolors.com\/wp-content\/uploads\/Stella-XPS-EPS-Katalogve-fiyat-listesi-2024.pdf\" target=\"_blank\">Download Our Catalogue<\/a><\/span><\/div><\/div>\t\t<\/div>\n\t\t\t\t<\/div>\n\t\t\t\t<\/div>\n\t\t\t\t\t<\/div>\n\t\t\t\t<\/div>\n\t\t<div class=\"elementor-element elementor-element-538f8ab4 e-flex e-con-boxed e-con e-parent\" data-id=\"538f8ab4\" data-element_type=\"container\" data-settings=\"{&quot;ekit_has_onepagescroll_dot&quot;:&quot;yes&quot;}\">\n\t\t\t\t\t<div class=\"e-con-inner\">\n\t\t\t\t<div class=\"elementor-element elementor-element-393bfd89 elementor-widget elementor-widget-elementskit-header-info\" data-id=\"393bfd89\" data-element_type=\"widget\" data-widget_type=\"elementskit-header-info.default\">\n\t\t\t\t<div class=\"elementor-widget-container\">\n\t\t\t<div class=\"ekit-wid-con\" >        <ul class=\"ekit-header-info\">\n                                    <li>\n                            <a href=\"https:\/\/stellacolors.com\/en_us\/blog\/\" target=\"_blank\" rel=\"nofollow\"> \n                                <i aria-hidden=\"true\" class=\"icon icon-chevron-right\"><\/i>                                View all                            <\/a>\n                        <\/li>\n\n                            <\/ul>\n        <\/div>\t\t<\/div>\n\t\t\t\t<\/div>\n\t\t\t\t<div class=\"elementor-element elementor-element-3608cebf elementor-widget elementor-widget-elementskit-blog-posts\" data-id=\"3608cebf\" data-element_type=\"widget\" data-widget_type=\"elementskit-blog-posts.default\">\n\t\t\t\t<div class=\"elementor-widget-container\">\n\t\t\t<div class=\"ekit-wid-con\" >\n        <div id=\"post-items--3608cebf\" class=\"row post-items ekit-blog-posts-content wihout-masonry\" data-enable=\"no\">\n\n\t\t\t<!-- Blog Carousel markup render -->\n\t\t\t\n\n            <div class=\"col-lg-4 col-md-6\">\n\n                                    <div class=\"elementskit-post-image-card\">\n                        <div class=\"elementskit-entry-header\">\n                                                            <a href=\"https:\/\/stellacolors.com\/en_us\/ahsap-boyamanin-incelikleri-ogrenmek-ister-misiniz\/\" class=\"elementskit-entry-thumb\">\n                                    <img decoding=\"async\" src=\"https:\/\/stellacolors.com\/wp-content\/uploads\/13-1024x576.webp\" alt=\"Ah\u015fap boyaman\u0131n incelikleri \u00f6\u011frenmek ister misiniz?\">\n                                <\/a><!-- .elementskit-entry-thumb END -->\n                                                            \n                            \n                                                    <\/div><!-- .elementskit-entry-header END -->\n\n                        <div class=\"elementskit-post-body\">\n                            \n                                                                                                                                                        \n                                        \n                                                                                                <h2 class=\"entry-title\">\n                    <a href=\"https:\/\/stellacolors.com\/en_us\/ahsap-boyamanin-incelikleri-ogrenmek-ister-misiniz\/\">\n                            Would you like to learn the intricacies of wood painting?                    <\/a>\n                <\/h2>\n                                                                                                                                                                                            <p>Learn the intricacies of furniture transformation with water-based acrylic paint.<\/p>\n                                                                                                                                                        <div class=\"btn-wraper\">\n                                    \n                                                                            <a href=\"https:\/\/stellacolors.com\/en_us\/ahsap-boyamanin-incelikleri-ogrenmek-ister-misiniz\/\" class=\"elementskit-btn  whitespace--normal\" >\n                                                                                    Read More                                        <\/a>\n                                                                    <\/div>\n                                                    <\/div><!-- .elementskit-post-body END -->\n                    <\/div>\n                \n            <\/div>\t\t\t\t\n\n            <div class=\"col-lg-4 col-md-6\">\n\n                                    <div class=\"elementskit-post-image-card\">\n                        <div class=\"elementskit-entry-header\">\n                                                            <a href=\"https:\/\/stellacolors.com\/en_us\/mermer-efekt-spreyler-ile-zamani-yakalayin\/\" class=\"elementskit-entry-thumb\">\n                                    <img decoding=\"async\" src=\"https:\/\/stellacolors.com\/wp-content\/uploads\/21-1024x576.webp\" alt=\"Mermer efekt spreyler ile zaman\u0131 yakalay\u0131n!\">\n                                <\/a><!-- .elementskit-entry-thumb END -->\n                                                            \n                            \n                                                    <\/div><!-- .elementskit-entry-header END -->\n\n                        <div class=\"elementskit-post-body\">\n                            \n                                                                                                                                                        \n                                        \n                                                                                                <h2 class=\"entry-title\">\n                    <a href=\"https:\/\/stellacolors.com\/en_us\/mermer-efekt-spreyler-ile-zamani-yakalayin\/\">\n                            Seize the time with marble effect sprays!                    <\/a>\n                <\/h2>\n                                                                                                                                                                                            <p>Try the marble effect spray for effortless and stylish surfaces.<\/p>\n                                                                                                                                                        <div class=\"btn-wraper\">\n                                    \n                                                                            <a href=\"https:\/\/stellacolors.com\/en_us\/mermer-efekt-spreyler-ile-zamani-yakalayin\/\" class=\"elementskit-btn  whitespace--normal\" >\n                                                                                    Read More                                        <\/a>\n                                                                    <\/div>\n                                                    <\/div><!-- .elementskit-post-body END -->\n                    <\/div>\n                \n            <\/div>\t\t\t\t\n\n            <div class=\"col-lg-4 col-md-6\">\n\n                                    <div class=\"elementskit-post-image-card\">\n                        <div class=\"elementskit-entry-header\">\n                                                            <a href=\"https:\/\/stellacolors.com\/en_us\/mavinin-sinirsiz-hissini-kesfedin\/\" class=\"elementskit-entry-thumb\">\n                                    <img decoding=\"async\" src=\"https:\/\/stellacolors.com\/wp-content\/uploads\/06.webp\" alt=\"Mavinin s\u0131n\u0131rs\u0131z hissini ke\u015ffedin!\">\n                                <\/a><!-- .elementskit-entry-thumb END -->\n                                                            \n                            \n                                                    <\/div><!-- .elementskit-entry-header END -->\n\n                        <div class=\"elementskit-post-body\">\n                            \n                                                                                                                                                        \n                                        \n                                                                                                <h2 class=\"entry-title\">\n                    <a href=\"https:\/\/stellacolors.com\/en_us\/mavinin-sinirsiz-hissini-kesfedin\/\">\n                            Discover the limitless feeling of blue!                    <\/a>\n                <\/h2>\n                                                                                                                                                                                            <p>Are you ready to add colour to your life by meeting this magnificent paint type?<\/p>\n                                                                                                                                                        <div class=\"btn-wraper\">\n                                    \n                                                                            <a href=\"https:\/\/stellacolors.com\/en_us\/mavinin-sinirsiz-hissini-kesfedin\/\" class=\"elementskit-btn  whitespace--normal\" >\n                                                                                    Read More                                        <\/a>\n                                                                    <\/div>\n                                                    <\/div><!-- .elementskit-post-body END -->\n                    <\/div>\n                \n            <\/div>\t\t\t\t        <\/div>\n        \n        \n        <\/div>\t\t<\/div>\n\t\t\t\t<\/div>\n\t\t\t\t\t<\/div>\n\t\t\t\t<\/div>\n\t\t\t\t<\/div>","protected":false},"excerpt":{"rendered":"<p>Tavan Kaplama ve Kartonpiyer Katalo\u011fumuzu \u0130ndirin T\u00fcm\u00fcn\u00fc g\u00f6r\u00fcnt\u00fcle Ah\u015fap boyaman\u0131n incelikleri \u00f6\u011frenmek ister misiniz? Su bazl\u0131 akrilik boya ile mobilya d\u00f6n\u00fc\u015f\u00fcm\u00fcn\u00fcn inceliklerini \u00f6\u011frenin. Devam\u0131n\u0131 oku Mermer efekt spreyler ile zaman\u0131 yakalay\u0131n! Zahmetsiz ve \u015f\u0131k y\u00fczeyler i\u00e7in mermer efekt sprey\u2019i deneyin. Devam\u0131n\u0131 oku Mavinin s\u0131n\u0131rs\u0131z hissini ke\u015ffedin! Siz de bu muazzam boya t\u00fcr\u00fc ile tan\u0131\u015farak, ya\u015fam\u0131n\u0131za [&hellip;] <\/p>","protected":false},"author":3,"featured_media":0,"parent":0,"menu_order":0,"comment_status":"closed","ping_status":"closed","template":"","meta":{"footnotes":""},"_links":{"self":[{"href":"https:\/\/stellacolors.com\/en_us\/wp-json\/wp\/v2\/pages\/4247"}],"collection":[{"href":"https:\/\/stellacolors.com\/en_us\/wp-json\/wp\/v2\/pages"}],"about":[{"href":"https:\/\/stellacolors.com\/en_us\/wp-json\/wp\/v2\/types\/page"}],"author":[{"embeddable":true,"href":"https:\/\/stellacolors.com\/en_us\/wp-json\/wp\/v2\/users\/3"}],"replies":[{"embeddable":true,"href":"https:\/\/stellacolors.com\/en_us\/wp-json\/wp\/v2\/comments?post=4247"}],"version-history":[{"count":17,"href":"https:\/\/stellacolors.com\/en_us\/wp-json\/wp\/v2\/pages\/4247\/revisions"}],"predecessor-version":[{"id":4286,"href":"https:\/\/stellacolors.com\/en_us\/wp-json\/wp\/v2\/pages\/4247\/revisions\/4286"}],"wp:attachment":[{"href":"https:\/\/stellacolors.com\/en_us\/wp-json\/wp\/v2\/media?parent=4247"}],"curies":[{"name":"wp","href":"https:\/\/api.w.org\/{rel}","templated":true}]}}