{"id":627,"date":"2023-11-26T16:30:41","date_gmt":"2023-11-26T16:30:41","guid":{"rendered":"https:\/\/stellacolors.com\/?page_id=627"},"modified":"2024-06-28T18:04:25","modified_gmt":"2024-06-28T15:04:25","slug":"paint-calculation","status":"publish","type":"page","link":"https:\/\/stellacolors.com\/en_us\/paint-calculation\/","title":{"rendered":"Paint Calculator"},"content":{"rendered":"<div data-elementor-type=\"wp-page\" data-elementor-id=\"627\" class=\"elementor elementor-627\" data-elementor-post-type=\"page\">\n\t\t\t\t<div class=\"elementor-element elementor-element-a6a3f67 e-con-full e-flex e-con e-parent\" data-id=\"a6a3f67\" data-element_type=\"container\" data-settings=\"{&quot;ekit_has_onepagescroll_dot&quot;:&quot;yes&quot;}\">\n\t\t\t\t<div class=\"elementor-element elementor-element-0e58183 elementor-cta--skin-cover elementor-bg-transform elementor-bg-transform-move-up elementor-animated-content elementor-widget elementor-widget-call-to-action\" data-id=\"0e58183\" data-element_type=\"widget\" data-widget_type=\"call-to-action.default\">\n\t\t\t\t<div class=\"elementor-widget-container\">\n\t\t\t<link rel=\"stylesheet\" href=\"https:\/\/stellacolors.com\/wp-content\/plugins\/elementor-pro\/assets\/css\/widget-call-to-action.min.css\">\t\t<div class=\"elementor-cta\">\n\t\t\t\t\t<div class=\"elementor-cta__bg-wrapper\">\n\t\t\t\t<div class=\"elementor-cta__bg elementor-bg\" style=\"background-image: url();\" role=\"img\" aria-label=\"\"><\/div>\n\t\t\t\t<div class=\"elementor-cta__bg-overlay\"><\/div>\n\t\t\t<\/div>\n\t\t\t\t\t\t\t<div class=\"elementor-cta__content\">\n\t\t\t\t\n\t\t\t\t\t\t\t\t\t<h2 class=\"elementor-cta__title elementor-cta__content-item elementor-content-item elementor-animated-item--grow\">\n\t\t\t\t\t\tColorMate\t\t\t\t\t<\/h2>\n\t\t\t\t\n\t\t\t\t\t\t\t\t\t<span class=\"elementor-cta__description elementor-cta__content-item elementor-content-item elementor-animated-item--grow\">\n\t\t\t\t\t\tHello! We are here to assist you with the products you need in your conversion area.\t\t\t\t\t<\/span>\n\t\t\t\t\n\t\t\t\t\t\t\t<\/div>\n\t\t\t\t\t\t<\/div>\n\t\t\t\t<\/div>\n\t\t\t\t<\/div>\n\t\t\t\t<\/div>\n\t\t<div class=\"elementor-element elementor-element-6f5ed00 e-flex e-con-boxed e-con e-parent\" data-id=\"6f5ed00\" data-element_type=\"container\" data-settings=\"{&quot;ekit_has_onepagescroll_dot&quot;:&quot;yes&quot;}\">\n\t\t\t\t\t<div class=\"e-con-inner\">\n\t\t\t\t<div class=\"elementor-element elementor-element-88c0a20 elementor-widget elementor-widget-elementskit-contact-form7\" data-id=\"88c0a20\" data-element_type=\"widget\" data-widget_type=\"elementskit-contact-form7.default\">\n\t\t\t\t<div class=\"elementor-widget-container\">\n\t\t\t<div class=\"ekit-wid-con\" ><div class=\"ekit-form\">\n<div class=\"wpcf7 no-js\" id=\"wpcf7-f633-o1\" lang=\"tr-TR\" dir=\"ltr\">\n<div class=\"screen-reader-response\"><p role=\"status\" aria-live=\"polite\" aria-atomic=\"true\"><\/p> <ul><\/ul><\/div>\n<form action=\"\/en_us\/wp-json\/wp\/v2\/pages\/627#wpcf7-f633-o1\" method=\"post\" class=\"wpcf7-form init\" aria-label=\"Contact form\" novalidate=\"novalidate\" data-status=\"init\" data-trp-original-action=\"\/en_us\/wp-json\/wp\/v2\/pages\/627#wpcf7-f633-o1\">\n<div style=\"display: none;\">\n<input type=\"hidden\" name=\"_wpcf7\" value=\"633\" \/>\n<input type=\"hidden\" name=\"_wpcf7_version\" value=\"5.9.3\" \/>\n<input type=\"hidden\" name=\"_wpcf7_locale\" value=\"tr_TR\" \/>\n<input type=\"hidden\" name=\"_wpcf7_unit_tag\" value=\"wpcf7-f633-o1\" \/>\n<input type=\"hidden\" name=\"_wpcf7_container_post\" value=\"0\" \/>\n<input type=\"hidden\" name=\"_wpcf7_posted_data_hash\" value=\"\" \/>\n<input type=\"hidden\" name=\"_wpcf7cf_hidden_group_fields\" value=\"[]\" \/>\n<input type=\"hidden\" name=\"_wpcf7cf_hidden_groups\" value=\"[]\" \/>\n<input type=\"hidden\" name=\"_wpcf7cf_visible_groups\" value=\"[]\" \/>\n<input type=\"hidden\" name=\"_wpcf7cf_repeaters\" value=\"[]\" \/>\n<input type=\"hidden\" name=\"_wpcf7cf_steps\" value=\"{}\" \/>\n<input type=\"hidden\" name=\"_wpcf7cf_options\" value=\"{&quot;form_id&quot;:633,&quot;conditions&quot;:[{&quot;then_field&quot;:&quot;group-1&quot;,&quot;and_rules&quot;:[{&quot;if_field&quot;:&quot;calculator-wall&quot;,&quot;operator&quot;:&quot;greater than or equals&quot;,&quot;if_value&quot;:&quot;0.5&quot;}]},{&quot;then_field&quot;:&quot;group-2&quot;,&quot;and_rules&quot;:[{&quot;if_field&quot;:&quot;calculator-wall&quot;,&quot;operator&quot;:&quot;less than&quot;,&quot;if_value&quot;:&quot;0.5&quot;},{&quot;if_field&quot;:&quot;calculator-wall&quot;,&quot;operator&quot;:&quot;greater than&quot;,&quot;if_value&quot;:&quot;0.25&quot;}]},{&quot;then_field&quot;:&quot;group-3&quot;,&quot;and_rules&quot;:[{&quot;if_field&quot;:&quot;calculator-wall&quot;,&quot;operator&quot;:&quot;less than or equals&quot;,&quot;if_value&quot;:&quot;0.25&quot;},{&quot;if_field&quot;:&quot;calculator-wall&quot;,&quot;operator&quot;:&quot;not equals&quot;,&quot;if_value&quot;:&quot;0&quot;}]},{&quot;then_field&quot;:&quot;group-1-1&quot;,&quot;and_rules&quot;:[{&quot;if_field&quot;:&quot;chemical&quot;,&quot;operator&quot;:&quot;equals&quot;,&quot;if_value&quot;:&quot;Hay\\u0131r&quot;},{&quot;if_field&quot;:&quot;calculator-wall&quot;,&quot;operator&quot;:&quot;not equals&quot;,&quot;if_value&quot;:&quot;0&quot;}]},{&quot;then_field&quot;:&quot;group-1-0&quot;,&quot;and_rules&quot;:[{&quot;if_field&quot;:&quot;chemical&quot;,&quot;operator&quot;:&quot;equals&quot;,&quot;if_value&quot;:&quot;Evet&quot;},{&quot;if_field&quot;:&quot;calculator-wall&quot;,&quot;operator&quot;:&quot;not equals&quot;,&quot;if_value&quot;:&quot;0&quot;}]}],&quot;settings&quot;:{&quot;animation&quot;:&quot;yes&quot;,&quot;animation_intime&quot;:200,&quot;animation_outtime&quot;:200,&quot;conditions_ui&quot;:&quot;normal&quot;,&quot;notice_dismissed&quot;:false,&quot;notice_dismissed_rollback-cf7-5.8.5&quot;:true}}\" \/>\n<\/div>\n<div class=\"colormate-label\">\n\t<p><label>First, tell me a bit about your project.<\/label><br \/>\n<label>What type of surface are you transforming?<\/label>\n\t<\/p>\n<\/div>\n<p><span class=\"wpcf7-form-control-wrap\" data-name=\"surface\"><select class=\"wpcf7-form-control wpcf7-select\" aria-invalid=\"false\" name=\"surface\"><option value=\"Ah\u015fap\">Ah\u015fap<\/option><option value=\"Plastik\">Plastik<\/option><option value=\"Metal\">Metal<\/option><option value=\"Seramik\">Seramik<\/option><option value=\"Cam\">Cam<\/option><option value=\"Parke\">Parke<\/option><option value=\"Mutfak Dolab\u0131\">Kitchen Cabinet<\/option><option value=\"Parke\/Laminant\">Parquet\/Laminate<\/option><\/select><\/span>\n<\/p>\n<p><label class=\"colormate-label\">Will the surface you're painting be exposed to heavy water and chemical contact?<\/label><br \/>\n<span class=\"wpcf7-form-control-wrap\" data-name=\"chemical\"><select class=\"wpcf7-form-control wpcf7-select wpcf7-validates-as-required\" aria-required=\"true\" aria-invalid=\"false\" name=\"chemical\"><option value=\"Se\u00e7iniz\">Se\u00e7iniz<\/option><option value=\"Evet\">Evet<\/option><option value=\"Hay\u0131r\">Hay\u0131r<\/option><\/select><\/span>\n<\/p>\n<div class=\"colormate-input-container\">\n\t<div class=\"colormate-input-box\">\n\t\t<p><label class=\"colormate-label\">Width (m)<\/label><br \/>\n<span class=\"wpcf7-form-control-wrap\" data-name=\"wall-width\"><input class=\"wpcf7-form-control wpcf7-number wpcf7-validates-as-number\" aria-invalid=\"false\" placeholder=\"Width\" value=\"\" type=\"number\" name=\"wall-width\" \/><\/span>\n\t\t<\/p>\n\t<\/div>\n\t<div class=\"colormate-input-box\">\n\t\t<p><label class=\"colormate-label\">Height (m)<\/label><br \/>\n<span class=\"wpcf7-form-control-wrap\" data-name=\"wall-height\"><input class=\"wpcf7-form-control wpcf7-number wpcf7-validates-as-number\" aria-invalid=\"false\" placeholder=\"Height\" value=\"\" type=\"number\" name=\"wall-height\" \/><\/span>\n\t\t<\/p>\n\t<\/div>\n<\/div>\n<div class=\"colormate-input-box\">\n\t<p><label class=\"colormate-label\">Here is the amount of paint you need for the magical transformation (Liters):<\/label><br \/>\n<span class=\"wpcf7-form-control-wrap calculator-wall\"><input class=\"wpcf7-form-control wpcf7-calculator wpcf7-validates-as-calculator calculationcf7-total\" readonly=\"readonly\" type=\"text\" name=\"calculator-wall\" value=\"0\" data-formulas=\"(wall-width * wall-height) \/ 12\" \/><\/span>\n\t<\/p>\n<\/div>\n<div data-id=\"group-1\" data-orig_data_id=\"group-1\"  data-class=\"wpcf7cf_group\">\n\t<div class=\"colormate-cart\">\n\t\t<div>\n\t\t\t<p><img decoding=\"async\" src=\"https:\/\/stellacolors.com\/wp-content\/uploads\/Varlik-42.webp\" class=\"colormate-image\" \/>\n\t\t\t<\/p>\n\t\t<\/div>\n\t\t<div>\n\t\t\t<p><img decoding=\"async\" src=\"https:\/\/stellacolors.com\/wp-content\/uploads\/Varlik-62.webp\" class=\"colormate-plus\" \/>\n\t\t\t<\/p>\n\t\t<\/div>\n\t\t<div data-id=\"group-1-1\" data-orig_data_id=\"group-1-1\"  data-class=\"wpcf7cf_group\">\n\t\t\t<p><img decoding=\"async\" src=\"https:\/\/stellacolors.com\/wp-content\/uploads\/Varlik-43.webp\" class=\"colormate-image\" \/>\n\t\t\t<\/p>\n\t\t<\/div>\n\t\t<div data-id=\"group-1-0\" data-orig_data_id=\"group-1-0\"  data-class=\"wpcf7cf_group\">\n\t\t\t<p><img decoding=\"async\" src=\"https:\/\/stellacolors.com\/wp-content\/uploads\/Varlik-49.webp\" class=\"colormate-image\" \/>\n\t\t\t<\/p>\n\t\t<\/div>\n\t<\/div>\n<\/div>\n<div data-id=\"group-2\" data-orig_data_id=\"group-2\"  data-class=\"wpcf7cf_group\">\n\t<div class=\"colormate-cart\">\n\t\t<div>\n\t\t\t<p><img decoding=\"async\" src=\"https:\/\/stellacolors.com\/wp-content\/uploads\/Varlik-48.webp\" class=\"colormate-image\" \/>\n\t\t\t<\/p>\n\t\t<\/div>\n\t\t<div>\n\t\t\t<p><img decoding=\"async\" src=\"https:\/\/stellacolors.com\/wp-content\/uploads\/Varlik-62.webp\" class=\"colormate-plus\" \/>\n\t\t\t<\/p>\n\t\t<\/div>\n\t\t<div data-id=\"group-1-1\" data-orig_data_id=\"group-1-1\"  data-class=\"wpcf7cf_group\">\n\t\t\t<p><img decoding=\"async\" src=\"https:\/\/stellacolors.com\/wp-content\/uploads\/Varlik-46.webp\" class=\"colormate-image\" \/>\n\t\t\t<\/p>\n\t\t<\/div>\n\t\t<div data-id=\"group-1-0\" data-orig_data_id=\"group-1-0\"  data-class=\"wpcf7cf_group\">\n\t\t\t<p><img decoding=\"async\" src=\"https:\/\/stellacolors.com\/wp-content\/uploads\/Varlik-49.webp\" class=\"colormate-image\" \/>\n\t\t\t<\/p>\n\t\t<\/div>\n\t<\/div>\n<\/div>\n<div data-id=\"group-3\" data-orig_data_id=\"group-3\"  data-class=\"wpcf7cf_group\">\n\t<div class=\"colormate-cart\">\n\t\t<div>\n\t\t\t<p><img decoding=\"async\" src=\"https:\/\/stellacolors.com\/wp-content\/uploads\/Varlik-47.webp\" class=\"colormate-image\" \/>\n\t\t\t<\/p>\n\t\t<\/div>\n\t\t<div>\n\t\t\t<p><img decoding=\"async\" src=\"https:\/\/stellacolors.com\/wp-content\/uploads\/Varlik-62.webp\" class=\"colormate-plus\" \/>\n\t\t\t<\/p>\n\t\t<\/div>\n\t\t<div data-id=\"group-1-1\" data-orig_data_id=\"group-1-1\"  data-class=\"wpcf7cf_group\">\n\t\t\t<p><img decoding=\"async\" src=\"https:\/\/stellacolors.com\/wp-content\/uploads\/Varlik-46.webp\" class=\"colormate-image\" \/>\n\t\t\t<\/p>\n\t\t<\/div>\n\t\t<div data-id=\"group-1-0\" data-orig_data_id=\"group-1-0\"  data-class=\"wpcf7cf_group\">\n\t\t\t<p><img decoding=\"async\" src=\"https:\/\/stellacolors.com\/wp-content\/uploads\/Varlik-49.webp\" class=\"colormate-image\" \/>\n\t\t\t<\/p>\n\t\t<\/div>\n\t<\/div>\n<\/div><div class=\"wpcf7-response-output\" aria-hidden=\"true\"><\/div>\n<input type=\"hidden\" name=\"trp-form-language\" value=\"en_us\"\/><\/form>\n<\/div>\n<\/div><\/div>\t\t<\/div>\n\t\t\t\t<\/div>\n\t\t\t\t<div class=\"elementor-element elementor-element-4f5ecca elementor-widget-elementskit-dual-button-start elementor-widget elementor-widget-elementskit-dual-button\" data-id=\"4f5ecca\" data-element_type=\"widget\" data-widget_type=\"elementskit-dual-button.default\">\n\t\t\t\t<div class=\"elementor-widget-container\">\n\t\t\t<div class=\"ekit-wid-con\" >\n                <div class=\"ekit-element-align-wrapper\">\n                    <div class=\"ekit_double_button\">                <a class=\"ekit-double-btn ekit-double-btn-one\" href=\"https:\/\/stellacolors.com\/en_us\/dealers\/\">\n                    Find our nearest dealer                <\/a>\n            \n            <a class=\"ekit-double-btn ekit-double-btn-two\" href=\"https:\/\/www.trendyol.com\/magaza\/stellaboyacom-m-383059?sst=0\" target=\"_blank\">\n                    Place your order now                <\/a>\n                  <\/div>\n                <\/div>\n            <\/div>\t\t<\/div>\n\t\t\t\t<\/div>\n\t\t\t\t<div class=\"elementor-element elementor-element-a322459 elementor-widget elementor-widget-text-editor\" data-id=\"a322459\" data-element_type=\"widget\" data-widget_type=\"text-editor.default\">\n\t\t\t\t<div class=\"elementor-widget-container\">\n\t\t\t<style>\/*! elementor - v3.21.0 - 30-04-2024 *\/\n.elementor-widget-text-editor.elementor-drop-cap-view-stacked .elementor-drop-cap{background-color:#69727d;color:#fff}.elementor-widget-text-editor.elementor-drop-cap-view-framed .elementor-drop-cap{color:#69727d;border:3px solid;background-color:transparent}.elementor-widget-text-editor:not(.elementor-drop-cap-view-default) .elementor-drop-cap{margin-top:8px}.elementor-widget-text-editor:not(.elementor-drop-cap-view-default) .elementor-drop-cap-letter{width:1em;height:1em}.elementor-widget-text-editor .elementor-drop-cap{float:left;text-align:center;line-height:1;font-size:50px}.elementor-widget-text-editor .elementor-drop-cap-letter{display:inline-block}<\/style>\t\t\t\t<p>If you don't know how to apply it, you can learn the steps from the <a href=\"https:\/\/stellacolors.com\/en_us\/application-tips-kitchen-countertop\/\">Painting Tips<\/a> page<\/p>\t\t\t\t\t\t<\/div>\n\t\t\t\t<\/div>\n\t\t\t\t\t<\/div>\n\t\t\t\t<\/div>\n\t\t\t\t<\/div>","protected":false},"excerpt":{"rendered":"<p>ColorMate Merhaba! Size d\u00f6n\u00fc\u015f\u00fcm alan\u0131n\u0131zda ihtiyac\u0131n\u0131z olan \u00fcr\u00fcnler konusunda yard\u0131mc\u0131 olmak i\u00e7in buraday\u0131z. \u00d6nce, bana biraz projenden bahset Nas\u0131l bir y\u00fczey d\u00f6n\u00fc\u015ft\u00fcr\u00fcyorsunuz? Ah\u015fapPlastikMetalSeramikCamParkeMutfak Dolab\u0131Parke\/Laminant Boyayaca\u011f\u0131n\u0131z y\u00fczey yo\u011fun su ve kimyasal temas\u0131na maruz kalacak m\u0131? Se\u00e7inizEvetHay\u0131r En (m) Boy (m) \u0130\u015fte b\u00fcy\u00fcl\u00fc de\u011fi\u015fim i\u00e7in ihtiyac\u0131n olan boya miktar\u0131 (Litre); En yak\u0131n bayimizi bulun Hemen sipari\u015f verin [&hellip;]<\/p>","protected":false},"author":2,"featured_media":0,"parent":0,"menu_order":0,"comment_status":"closed","ping_status":"closed","template":"elementor_theme","meta":{"footnotes":""},"_links":{"self":[{"href":"https:\/\/stellacolors.com\/en_us\/wp-json\/wp\/v2\/pages\/627"}],"collection":[{"href":"https:\/\/stellacolors.com\/en_us\/wp-json\/wp\/v2\/pages"}],"about":[{"href":"https:\/\/stellacolors.com\/en_us\/wp-json\/wp\/v2\/types\/page"}],"author":[{"embeddable":true,"href":"https:\/\/stellacolors.com\/en_us\/wp-json\/wp\/v2\/users\/2"}],"replies":[{"embeddable":true,"href":"https:\/\/stellacolors.com\/en_us\/wp-json\/wp\/v2\/comments?post=627"}],"version-history":[{"count":9,"href":"https:\/\/stellacolors.com\/en_us\/wp-json\/wp\/v2\/pages\/627\/revisions"}],"predecessor-version":[{"id":3985,"href":"https:\/\/stellacolors.com\/en_us\/wp-json\/wp\/v2\/pages\/627\/revisions\/3985"}],"wp:attachment":[{"href":"https:\/\/stellacolors.com\/en_us\/wp-json\/wp\/v2\/media?parent=627"}],"curies":[{"name":"wp","href":"https:\/\/api.w.org\/{rel}","templated":true}]}}